{"id":9520,"date":"2020-10-21T15:45:17","date_gmt":"2020-10-21T15:45:17","guid":{"rendered":"http:\/\/s892470164.mialojamiento.es\/?page_id=9520"},"modified":"2020-10-21T20:21:42","modified_gmt":"2020-10-21T20:21:42","slug":"dates-glace-semaines-alpes","status":"publish","type":"page","link":"https:\/\/terralpina.com\/fr\/dates-glace-semaines-alpes\/","title":{"rendered":"Dates Glace (Semaines Alpes)"},"content":{"rendered":"\n<h6 style=\"text-align: center;\">HIVER 2020\/2021<\/h6>\n<table style=\"width: 100%; height: 144px;\">\n<tbody>\n<tr style=\"height: 24px;\">\n<th style=\"width: 27.069%; height: 24px;\">D\u00c9CEMBRE<\/th>\n<th style=\"width: 23.6207%; height: 24px;\">JANVIER<\/th>\n<th style=\"width: 23.6207%; height: 24px;\">FEVRIER<\/th>\n<th style=\"width: 23.6207%; height: 24px;\">MARS<\/th>\n<\/tr>\n<tr style=\"height: 24px;\">\n<td style=\"width: 27.069%; height: 24px;\">&nbsp;<\/td>\n<td style=\"width: 23.6207%; height: 24px;\">&nbsp;<\/td>\n<td style=\"width: 23.6207%; height: 24px;\">01\/02\/2021<\/td>\n<td style=\"width: 23.6207%; height: 24px;\">01\/03\/2021<\/td>\n<\/tr>\n<tr style=\"height: 24px;\">\n<td style=\"width: 27.069%; height: 24px;\">&nbsp;<\/td>\n<td style=\"width: 23.6207%; height: 24px;\">04\/01\/2021<\/td>\n<td style=\"width: 23.6207%; height: 24px;\">08\/02\/2021<\/td>\n<td style=\"width: 23.6207%; height: 24px;\">08\/03\/2021<\/td>\n<\/tr>\n<tr style=\"height: 24px;\">\n<td style=\"width: 27.069%; height: 24px;\">14\/12\/2020<\/td>\n<td style=\"width: 23.6207%; height: 24px;\">11\/01\/2021<\/td>\n<td style=\"width: 23.6207%; height: 24px;\">15\/02\/2021<\/td>\n<td style=\"width: 23.6207%; height: 24px;\">15\/03\/2021<\/td>\n<\/tr>\n<tr style=\"height: 24px;\">\n<td style=\"width: 27.069%; height: 24px;\">21\/12\/2020<\/td>\n<td style=\"width: 23.6207%; height: 24px;\">18\/01\/2021<\/td>\n<td style=\"width: 23.6207%; height: 24px;\">22\/02\/2021<\/td>\n<td style=\"width: 23.6207%; height: 24px;\">22\/03\/2021<\/td>\n<\/tr>\n<tr style=\"height: 24px;\">\n<td style=\"width: 27.069%; height: 24px;\">28\/12\/2020<\/td>\n<td style=\"width: 23.6207%; height: 24px;\">25\/01\/2021<\/td>\n<td style=\"width: 23.6207%; height: 24px;\">&nbsp;<\/td>\n<td style=\"width: 23.6207%; height: 24px;\">29\/03\/2021<\/td>\n<\/tr>\n<\/tbody>\n<\/table>\n","protected":false},"excerpt":{"rendered":"<p>HIVER 2020\/2021 D\u00c9CEMBRE JANVIER FEVRIER MARS &nbsp; &nbsp; 01\/02\/2021 01\/03\/2021 &nbsp; 04\/01\/2021 08\/02\/2021 08\/03\/2021 14\/12\/2020 11\/01\/2021 15\/02\/2021 15\/03\/2021 21\/12\/2020 18\/01\/2021 22\/02\/2021 22\/03\/2021 28\/12\/2020 25\/01\/2021 &nbsp; 29\/03\/2021<\/p>\n","protected":false},"author":1,"featured_media":0,"parent":0,"menu_order":0,"comment_status":"closed","ping_status":"closed","template":"","meta":{"footnotes":""},"folder":[466],"yst_prominent_words":[],"class_list":["post-9520","page","type-page","status-publish","hentry"],"yoast_head":"<!-- This site is optimized with the Yoast SEO Premium plugin v14.1 - https:\/\/yoast.com\/wordpress\/plugins\/seo\/ -->\n<title>Dates Glace (Semaines Alpes) | Terralpina - Guides et Accompagnateurs en Montagne | Alpes - Pyr\u00e9n\u00e9es - \u00c9crins - Chamonix<\/title>\n<meta name=\"robots\" content=\"noindex, follow\" \/>\n<meta property=\"og:locale\" content=\"fr_FR\" \/>\n<meta property=\"og:type\" content=\"article\" \/>\n<meta property=\"og:title\" content=\"Dates Glace (Semaines Alpes) | Terralpina - Guides et Accompagnateurs en Montagne | Alpes - Pyr\u00e9n\u00e9es - \u00c9crins - Chamonix\" \/>\n<meta property=\"og:description\" content=\"HIVER 2020\/2021 D\u00c9CEMBRE JANVIER FEVRIER MARS &nbsp; &nbsp; 01\/02\/2021 01\/03\/2021 &nbsp; 04\/01\/2021 08\/02\/2021 08\/03\/2021 14\/12\/2020 11\/01\/2021 15\/02\/2021 15\/03\/2021 21\/12\/2020 18\/01\/2021 22\/02\/2021 22\/03\/2021 28\/12\/2020 25\/01\/2021 &nbsp; 29\/03\/2021\" \/>\n<meta property=\"og:url\" content=\"http:\/\/s892470164.mialojamiento.es\/fr\/dates-glace-semaines-alpes\/\" \/>\n<meta property=\"og:site_name\" content=\"Terralpina - Guides et Accompagnateurs en Montagne | Alpes - Pyr\u00e9n\u00e9es - \u00c9crins - Chamonix\" \/>\n<meta property=\"article:publisher\" content=\"https:\/\/www.facebook.com\/terralpina.guias\" \/>\n<meta property=\"article:modified_time\" content=\"2020-10-21T20:21:42+00:00\" \/>\n<meta name=\"twitter:card\" content=\"summary_large_image\" \/>\n<script type=\"application\/ld+json\" class=\"yoast-schema-graph\">{\"@context\":\"https:\/\/schema.org\",\"@graph\":[{\"@type\":\"Organization\",\"@id\":\"https:\/\/terralpina.com\/fr\/#organization\",\"name\":\"Terralpina\",\"url\":\"https:\/\/terralpina.com\/fr\/\",\"sameAs\":[\"https:\/\/www.facebook.com\/terralpina.guias\",\"https:\/\/www.instagram.com\/terralpina\/\"],\"logo\":{\"@type\":\"ImageObject\",\"@id\":\"https:\/\/terralpina.com\/fr\/#logo\",\"inLanguage\":\"fr-FR\",\"url\":\"https:\/\/terralpina.com\/wp-content\/uploads\/2019\/06\/Terralpina-10-e1559767482375.png\",\"width\":150,\"height\":192,\"caption\":\"Terralpina\"},\"image\":{\"@id\":\"https:\/\/terralpina.com\/fr\/#logo\"}},{\"@type\":\"WebSite\",\"@id\":\"https:\/\/terralpina.com\/fr\/#website\",\"url\":\"https:\/\/terralpina.com\/fr\/\",\"name\":\"Terralpina - Guides et Accompagnateurs en Montagne | Alpes - Pyr\\u00e9n\\u00e9es - \\u00c9crins - Chamonix\",\"description\":\"Agencia de Gu\\u00edas de Monta\\u00f1a en Alpes\",\"publisher\":{\"@id\":\"https:\/\/terralpina.com\/fr\/#organization\"},\"potentialAction\":[{\"@type\":\"SearchAction\",\"target\":\"https:\/\/terralpina.com\/fr\/?s={search_term_string}\",\"query-input\":\"required name=search_term_string\"}],\"inLanguage\":\"fr-FR\"},{\"@type\":\"WebPage\",\"@id\":\"http:\/\/s892470164.mialojamiento.es\/fr\/dates-glace-semaines-alpes\/#webpage\",\"url\":\"http:\/\/s892470164.mialojamiento.es\/fr\/dates-glace-semaines-alpes\/\",\"name\":\"Dates Glace (Semaines Alpes) | Terralpina - Guides et Accompagnateurs en Montagne | Alpes - Pyr\\u00e9n\\u00e9es - \\u00c9crins - Chamonix\",\"isPartOf\":{\"@id\":\"https:\/\/terralpina.com\/fr\/#website\"},\"datePublished\":\"2020-10-21T15:45:17+00:00\",\"dateModified\":\"2020-10-21T20:21:42+00:00\",\"inLanguage\":\"fr-FR\",\"potentialAction\":[{\"@type\":\"ReadAction\",\"target\":[\"http:\/\/s892470164.mialojamiento.es\/fr\/dates-glace-semaines-alpes\/\"]}]}]}<\/script>\n<!-- \/ Yoast SEO Premium plugin. -->","_links":{"self":[{"href":"https:\/\/terralpina.com\/fr\/wp-json\/wp\/v2\/pages\/9520","targetHints":{"allow":["GET"]}}],"collection":[{"href":"https:\/\/terralpina.com\/fr\/wp-json\/wp\/v2\/pages"}],"about":[{"href":"https:\/\/terralpina.com\/fr\/wp-json\/wp\/v2\/types\/page"}],"author":[{"embeddable":true,"href":"https:\/\/terralpina.com\/fr\/wp-json\/wp\/v2\/users\/1"}],"replies":[{"embeddable":true,"href":"https:\/\/terralpina.com\/fr\/wp-json\/wp\/v2\/comments?post=9520"}],"version-history":[{"count":4,"href":"https:\/\/terralpina.com\/fr\/wp-json\/wp\/v2\/pages\/9520\/revisions"}],"predecessor-version":[{"id":9532,"href":"https:\/\/terralpina.com\/fr\/wp-json\/wp\/v2\/pages\/9520\/revisions\/9532"}],"wp:attachment":[{"href":"https:\/\/terralpina.com\/fr\/wp-json\/wp\/v2\/media?parent=9520"}],"wp:term":[{"taxonomy":"folder","embeddable":true,"href":"https:\/\/terralpina.com\/fr\/wp-json\/wp\/v2\/folder?post=9520"},{"taxonomy":"yst_prominent_words","embeddable":true,"href":"https:\/\/terralpina.com\/fr\/wp-json\/wp\/v2\/yst_prominent_words?post=9520"}],"curies":[{"name":"wp","href":"https:\/\/api.w.org\/{rel}","templated":true}]}}