{"id":9346,"date":"2020-10-05T16:19:41","date_gmt":"2020-10-05T16:19:41","guid":{"rendered":"http:\/\/s892470164.mialojamiento.es\/materiel-trekking-copy\/"},"modified":"2020-10-21T12:39:04","modified_gmt":"2020-10-21T12:39:04","slug":"materiel-raquettes","status":"publish","type":"page","link":"https:\/\/terralpina.com\/fr\/materiel-raquettes\/","title":{"rendered":"Materiel Raquettes"},"content":{"rendered":"\n<p><strong>Mat\u00e9riel technique<\/strong><\/p>\n<ul>\n<li>Sac \u00e0 dos de 30L<\/li>\n<li>Chaussures de randonn\u00e9e<\/li>\n<li>Thermos<\/li>\n<\/ul>\n","protected":false},"excerpt":{"rendered":"<p>Mat\u00e9riel technique Sac \u00e0 dos de 30L Chaussures de randonn\u00e9e Thermos<\/p>\n","protected":false},"author":1,"featured_media":0,"parent":0,"menu_order":0,"comment_status":"closed","ping_status":"closed","template":"","meta":{"footnotes":""},"folder":[465],"yst_prominent_words":[],"class_list":["post-9346","page","type-page","status-publish","hentry"],"yoast_head":"<!-- This site is optimized with the Yoast SEO Premium plugin v14.1 - https:\/\/yoast.com\/wordpress\/plugins\/seo\/ -->\n<title>Materiel Raquettes | Terralpina - Guides et Accompagnateurs en Montagne | Alpes - Pyr\u00e9n\u00e9es - \u00c9crins - Chamonix<\/title>\n<meta name=\"robots\" content=\"noindex, follow\" \/>\n<meta property=\"og:locale\" content=\"fr_FR\" \/>\n<meta property=\"og:type\" content=\"article\" \/>\n<meta property=\"og:title\" content=\"Materiel Raquettes | Terralpina - Guides et Accompagnateurs en Montagne | Alpes - Pyr\u00e9n\u00e9es - \u00c9crins - Chamonix\" \/>\n<meta property=\"og:description\" content=\"Mat\u00e9riel technique Sac \u00e0 dos de 30L Chaussures de randonn\u00e9e Thermos\" \/>\n<meta property=\"og:url\" content=\"http:\/\/s892470164.mialojamiento.es\/fr\/materiel-raquettes\/\" \/>\n<meta property=\"og:site_name\" content=\"Terralpina - Guides et Accompagnateurs en Montagne | Alpes - Pyr\u00e9n\u00e9es - \u00c9crins - Chamonix\" \/>\n<meta property=\"article:publisher\" content=\"https:\/\/www.facebook.com\/terralpina.guias\" \/>\n<meta property=\"article:modified_time\" content=\"2020-10-21T12:39:04+00:00\" \/>\n<meta name=\"twitter:card\" content=\"summary_large_image\" \/>\n<script type=\"application\/ld+json\" class=\"yoast-schema-graph\">{\"@context\":\"https:\/\/schema.org\",\"@graph\":[{\"@type\":\"Organization\",\"@id\":\"https:\/\/terralpina.com\/fr\/#organization\",\"name\":\"Terralpina\",\"url\":\"https:\/\/terralpina.com\/fr\/\",\"sameAs\":[\"https:\/\/www.facebook.com\/terralpina.guias\",\"https:\/\/www.instagram.com\/terralpina\/\"],\"logo\":{\"@type\":\"ImageObject\",\"@id\":\"https:\/\/terralpina.com\/fr\/#logo\",\"inLanguage\":\"fr-FR\",\"url\":\"https:\/\/terralpina.com\/wp-content\/uploads\/2019\/06\/Terralpina-10-e1559767482375.png\",\"width\":150,\"height\":192,\"caption\":\"Terralpina\"},\"image\":{\"@id\":\"https:\/\/terralpina.com\/fr\/#logo\"}},{\"@type\":\"WebSite\",\"@id\":\"https:\/\/terralpina.com\/fr\/#website\",\"url\":\"https:\/\/terralpina.com\/fr\/\",\"name\":\"Terralpina - Guides et Accompagnateurs en Montagne | Alpes - Pyr\\u00e9n\\u00e9es - \\u00c9crins - Chamonix\",\"description\":\"Agencia de Gu\\u00edas de Monta\\u00f1a en Alpes\",\"publisher\":{\"@id\":\"https:\/\/terralpina.com\/fr\/#organization\"},\"potentialAction\":[{\"@type\":\"SearchAction\",\"target\":\"https:\/\/terralpina.com\/fr\/?s={search_term_string}\",\"query-input\":\"required name=search_term_string\"}],\"inLanguage\":\"fr-FR\"},{\"@type\":\"WebPage\",\"@id\":\"http:\/\/s892470164.mialojamiento.es\/fr\/materiel-raquettes\/#webpage\",\"url\":\"http:\/\/s892470164.mialojamiento.es\/fr\/materiel-raquettes\/\",\"name\":\"Materiel Raquettes | Terralpina - Guides et Accompagnateurs en Montagne | Alpes - Pyr\\u00e9n\\u00e9es - \\u00c9crins - Chamonix\",\"isPartOf\":{\"@id\":\"https:\/\/terralpina.com\/fr\/#website\"},\"datePublished\":\"2020-10-05T16:19:41+00:00\",\"dateModified\":\"2020-10-21T12:39:04+00:00\",\"inLanguage\":\"fr-FR\",\"potentialAction\":[{\"@type\":\"ReadAction\",\"target\":[\"http:\/\/s892470164.mialojamiento.es\/fr\/materiel-raquettes\/\"]}]}]}<\/script>\n<!-- \/ Yoast SEO Premium plugin. -->","_links":{"self":[{"href":"https:\/\/terralpina.com\/fr\/wp-json\/wp\/v2\/pages\/9346","targetHints":{"allow":["GET"]}}],"collection":[{"href":"https:\/\/terralpina.com\/fr\/wp-json\/wp\/v2\/pages"}],"about":[{"href":"https:\/\/terralpina.com\/fr\/wp-json\/wp\/v2\/types\/page"}],"author":[{"embeddable":true,"href":"https:\/\/terralpina.com\/fr\/wp-json\/wp\/v2\/users\/1"}],"replies":[{"embeddable":true,"href":"https:\/\/terralpina.com\/fr\/wp-json\/wp\/v2\/comments?post=9346"}],"version-history":[{"count":5,"href":"https:\/\/terralpina.com\/fr\/wp-json\/wp\/v2\/pages\/9346\/revisions"}],"predecessor-version":[{"id":9515,"href":"https:\/\/terralpina.com\/fr\/wp-json\/wp\/v2\/pages\/9346\/revisions\/9515"}],"wp:attachment":[{"href":"https:\/\/terralpina.com\/fr\/wp-json\/wp\/v2\/media?parent=9346"}],"wp:term":[{"taxonomy":"folder","embeddable":true,"href":"https:\/\/terralpina.com\/fr\/wp-json\/wp\/v2\/folder?post=9346"},{"taxonomy":"yst_prominent_words","embeddable":true,"href":"https:\/\/terralpina.com\/fr\/wp-json\/wp\/v2\/yst_prominent_words?post=9346"}],"curies":[{"name":"wp","href":"https:\/\/api.w.org\/{rel}","templated":true}]}}