{"id":9338,"date":"2020-10-05T16:11:21","date_gmt":"2020-10-05T16:11:21","guid":{"rendered":"http:\/\/s892470164.mialojamiento.es\/fechas-invierno-laura-semanas-alpes-copy\/"},"modified":"2020-10-05T16:23:50","modified_gmt":"2020-10-05T16:23:50","slug":"dates-hiver-laura-semaines-alpes","status":"publish","type":"page","link":"https:\/\/terralpina.com\/fr\/dates-hiver-laura-semaines-alpes\/","title":{"rendered":"Dates Hiver Laura (Semaines Alpes)"},"content":{"rendered":"\n<table style=\"width: 100%; height: 144px;\">\n<tbody>\n<tr style=\"height: 24px;\">\n<th style=\"height: 24px;\">JANVIER<\/th>\n<th style=\"height: 24px;\">FEVRIER<\/th>\n<th style=\"height: 24px;\">MARS<\/th>\n<th style=\"height: 24px;\">AVRIL<\/th>\n<\/tr>\n<tr style=\"height: 24px;\">\n<td style=\"height: 24px;\">\u00a0<\/td>\n<td style=\"height: 24px;\">07\/02\/2021<\/td>\n<td style=\"height: 24px;\">07\/03\/2021<\/td>\n<td style=\"height: 24px;\">04\/04\/2021<\/td>\n<\/tr>\n<tr style=\"height: 24px;\">\n<td style=\"height: 24px;\">10\/01\/2021<\/td>\n<td style=\"height: 24px;\">14\/02\/2021<\/td>\n<td style=\"height: 24px;\">14\/03\/2021<\/td>\n<td style=\"height: 24px;\">11\/04\/2021<\/td>\n<\/tr>\n<tr style=\"height: 24px;\">\n<td style=\"height: 24px;\">17\/01\/2021<\/td>\n<td style=\"height: 24px;\">21\/02\/2021<\/td>\n<td style=\"height: 24px;\">21\/03\/2021<\/td>\n<td style=\"height: 24px;\">18\/04\/2021<\/td>\n<\/tr>\n<tr style=\"height: 24px;\">\n<td style=\"height: 24px;\">24\/01\/2021<\/td>\n<td style=\"height: 24px;\">28\/02\/2021<\/td>\n<td style=\"height: 24px;\">28\/03\/2021<\/td>\n<td style=\"height: 24px;\">25\/04\/2021<\/td>\n<\/tr>\n<tr style=\"height: 24px;\">\n<td style=\"height: 24px;\">\u00a0<\/td>\n<td style=\"height: 24px;\">\u00a0<\/td>\n<td style=\"height: 24px;\">\u00a0<\/td>\n<td style=\"height: 24px;\">\u00a0<\/td>\n<\/tr>\n<\/tbody>\n<\/table>\n","protected":false},"excerpt":{"rendered":"<p>JANVIER FEVRIER MARS AVRIL \u00a0 07\/02\/2021 07\/03\/2021 04\/04\/2021 10\/01\/2021 14\/02\/2021 14\/03\/2021 11\/04\/2021 17\/01\/2021 21\/02\/2021 21\/03\/2021 18\/04\/2021 24\/01\/2021 28\/02\/2021 28\/03\/2021 25\/04\/2021 \u00a0 \u00a0 \u00a0 \u00a0<\/p>\n","protected":false},"author":1,"featured_media":0,"parent":0,"menu_order":0,"comment_status":"closed","ping_status":"closed","template":"","meta":{"footnotes":""},"folder":[466],"yst_prominent_words":[],"class_list":["post-9338","page","type-page","status-publish","hentry"],"yoast_head":"<!-- This site is optimized with the Yoast SEO Premium plugin v14.1 - https:\/\/yoast.com\/wordpress\/plugins\/seo\/ -->\n<title>Dates Hiver Laura (Semaines Alpes) | Terralpina - Guides et Accompagnateurs en Montagne | Alpes - Pyr\u00e9n\u00e9es - \u00c9crins - Chamonix<\/title>\n<meta name=\"robots\" content=\"noindex, follow\" \/>\n<meta property=\"og:locale\" content=\"fr_FR\" \/>\n<meta property=\"og:type\" content=\"article\" \/>\n<meta property=\"og:title\" content=\"Dates Hiver Laura (Semaines Alpes) | Terralpina - Guides et Accompagnateurs en Montagne | Alpes - Pyr\u00e9n\u00e9es - \u00c9crins - Chamonix\" \/>\n<meta property=\"og:description\" content=\"JANVIER FEVRIER MARS AVRIL \u00a0 07\/02\/2021 07\/03\/2021 04\/04\/2021 10\/01\/2021 14\/02\/2021 14\/03\/2021 11\/04\/2021 17\/01\/2021 21\/02\/2021 21\/03\/2021 18\/04\/2021 24\/01\/2021 28\/02\/2021 28\/03\/2021 25\/04\/2021 \u00a0 \u00a0 \u00a0 \u00a0\" \/>\n<meta property=\"og:url\" content=\"https:\/\/terralpina.com\/fr\/dates-hiver-laura-semaines-alpes\/\" \/>\n<meta property=\"og:site_name\" content=\"Terralpina - Guides et Accompagnateurs en Montagne | Alpes - Pyr\u00e9n\u00e9es - \u00c9crins - Chamonix\" \/>\n<meta property=\"article:publisher\" content=\"https:\/\/www.facebook.com\/terralpina.guias\" \/>\n<meta property=\"article:modified_time\" content=\"2020-10-05T16:23:50+00:00\" \/>\n<meta name=\"twitter:card\" content=\"summary_large_image\" \/>\n<script type=\"application\/ld+json\" class=\"yoast-schema-graph\">{\"@context\":\"https:\/\/schema.org\",\"@graph\":[{\"@type\":\"Organization\",\"@id\":\"https:\/\/terralpina.com\/fr\/#organization\",\"name\":\"Terralpina\",\"url\":\"https:\/\/terralpina.com\/fr\/\",\"sameAs\":[\"https:\/\/www.facebook.com\/terralpina.guias\",\"https:\/\/www.instagram.com\/terralpina\/\"],\"logo\":{\"@type\":\"ImageObject\",\"@id\":\"https:\/\/terralpina.com\/fr\/#logo\",\"inLanguage\":\"fr-FR\",\"url\":\"https:\/\/terralpina.com\/wp-content\/uploads\/2019\/06\/Terralpina-10-e1559767482375.png\",\"width\":150,\"height\":192,\"caption\":\"Terralpina\"},\"image\":{\"@id\":\"https:\/\/terralpina.com\/fr\/#logo\"}},{\"@type\":\"WebSite\",\"@id\":\"https:\/\/terralpina.com\/fr\/#website\",\"url\":\"https:\/\/terralpina.com\/fr\/\",\"name\":\"Terralpina - Guides et Accompagnateurs en Montagne | Alpes - Pyr\\u00e9n\\u00e9es - \\u00c9crins - Chamonix\",\"description\":\"Agencia de Gu\\u00edas de Monta\\u00f1a en Alpes\",\"publisher\":{\"@id\":\"https:\/\/terralpina.com\/fr\/#organization\"},\"potentialAction\":[{\"@type\":\"SearchAction\",\"target\":\"https:\/\/terralpina.com\/fr\/?s={search_term_string}\",\"query-input\":\"required name=search_term_string\"}],\"inLanguage\":\"fr-FR\"},{\"@type\":\"WebPage\",\"@id\":\"https:\/\/terralpina.com\/fr\/dates-hiver-laura-semaines-alpes\/#webpage\",\"url\":\"https:\/\/terralpina.com\/fr\/dates-hiver-laura-semaines-alpes\/\",\"name\":\"Dates Hiver Laura (Semaines Alpes) | Terralpina - Guides et Accompagnateurs en Montagne | Alpes - Pyr\\u00e9n\\u00e9es - \\u00c9crins - Chamonix\",\"isPartOf\":{\"@id\":\"https:\/\/terralpina.com\/fr\/#website\"},\"datePublished\":\"2020-10-05T16:11:21+00:00\",\"dateModified\":\"2020-10-05T16:23:50+00:00\",\"inLanguage\":\"fr-FR\",\"potentialAction\":[{\"@type\":\"ReadAction\",\"target\":[\"https:\/\/terralpina.com\/fr\/dates-hiver-laura-semaines-alpes\/\"]}]}]}<\/script>\n<!-- \/ Yoast SEO Premium plugin. -->","_links":{"self":[{"href":"https:\/\/terralpina.com\/fr\/wp-json\/wp\/v2\/pages\/9338","targetHints":{"allow":["GET"]}}],"collection":[{"href":"https:\/\/terralpina.com\/fr\/wp-json\/wp\/v2\/pages"}],"about":[{"href":"https:\/\/terralpina.com\/fr\/wp-json\/wp\/v2\/types\/page"}],"author":[{"embeddable":true,"href":"https:\/\/terralpina.com\/fr\/wp-json\/wp\/v2\/users\/1"}],"replies":[{"embeddable":true,"href":"https:\/\/terralpina.com\/fr\/wp-json\/wp\/v2\/comments?post=9338"}],"version-history":[{"count":5,"href":"https:\/\/terralpina.com\/fr\/wp-json\/wp\/v2\/pages\/9338\/revisions"}],"predecessor-version":[{"id":9526,"href":"https:\/\/terralpina.com\/fr\/wp-json\/wp\/v2\/pages\/9338\/revisions\/9526"}],"wp:attachment":[{"href":"https:\/\/terralpina.com\/fr\/wp-json\/wp\/v2\/media?parent=9338"}],"wp:term":[{"taxonomy":"folder","embeddable":true,"href":"https:\/\/terralpina.com\/fr\/wp-json\/wp\/v2\/folder?post=9338"},{"taxonomy":"yst_prominent_words","embeddable":true,"href":"https:\/\/terralpina.com\/fr\/wp-json\/wp\/v2\/yst_prominent_words?post=9338"}],"curies":[{"name":"wp","href":"https:\/\/api.w.org\/{rel}","templated":true}]}}