{"id":9329,"date":"2020-10-05T15:59:19","date_gmt":"2020-10-05T15:59:19","guid":{"rendered":"http:\/\/s892470164.mialojamiento.es\/fechas-esqui-raquetas-semanas-alpes-copy\/"},"modified":"2020-10-30T21:37:13","modified_gmt":"2020-10-30T21:37:13","slug":"dates-ski-raquettes-semaines-alpes","status":"publish","type":"page","link":"https:\/\/terralpina.com\/fr\/dates-ski-raquettes-semaines-alpes\/","title":{"rendered":"Dates Ski-Raquettes (Semaines Alpes)"},"content":{"rendered":"\n<h6 style=\"text-align: center;\">HIVER 2020\/2021<\/h6>\n<table style=\"width: 100%;\">\n<tbody>\n<tr>\n<th style=\"width: 18.103486206896548%;\">D\u00c9CEMBRE<\/th>\n<th style=\"width: 19.48273103448276%;\">JANVIER<\/th>\n<th style=\"width: 20.862041379310345%;\">FEVRIER<\/th>\n<th style=\"width: 20.517213793103448%;\">MARS<\/th>\n<th style=\"width: 18.620727586206897%;\">AVRIL<\/th>\n<\/tr>\n<tr>\n<td style=\"width: 18.103486206896548%;\">\u00a0<\/td>\n<td style=\"width: 19.48273103448276%;\">03\/01\/2021<\/td>\n<td style=\"width: 20.862041379310345%;\">07\/02\/2021<\/td>\n<td style=\"width: 20.517213793103448%;\">07\/03\/2021<\/td>\n<td style=\"width: 18.620727586206897%;\">04\/04\/2021<\/td>\n<\/tr>\n<tr>\n<td style=\"width: 18.103486206896548%;\">13\/12\/2020<\/td>\n<td style=\"width: 19.48273103448276%;\">10\/01\/2021<\/td>\n<td style=\"width: 20.862041379310345%;\">14\/02\/2021<\/td>\n<td style=\"width: 20.517213793103448%;\">14\/03\/2021<\/td>\n<td style=\"width: 18.620727586206897%;\">11\/04\/2021<\/td>\n<\/tr>\n<tr>\n<td style=\"width: 18.103486206896548%;\">20\/12\/2020<\/td>\n<td style=\"width: 19.48273103448276%;\">17\/01\/2021<\/td>\n<td style=\"width: 20.862041379310345%;\">21\/02\/2021<\/td>\n<td style=\"width: 20.517213793103448%;\">21\/03\/2021<\/td>\n<td style=\"width: 18.620727586206897%;\">18\/04\/2021<\/td>\n<\/tr>\n<tr>\n<td style=\"width: 18.103486206896548%;\">27\/12\/2020<\/td>\n<td style=\"width: 19.48273103448276%;\">24\/01\/2021<\/td>\n<td style=\"width: 20.862041379310345%;\">28\/02\/2021<\/td>\n<td style=\"width: 20.517213793103448%;\">28\/03\/2021<\/td>\n<td style=\"width: 18.620727586206897%;\">25\/04\/2021<\/td>\n<\/tr>\n<tr>\n<td style=\"width: 18.103486206896548%;\">\u00a0<\/td>\n<td style=\"width: 19.48273103448276%;\">31\/01\/2021<\/td>\n<td style=\"width: 20.862041379310345%;\">\u00a0<\/td>\n<td style=\"width: 20.517213793103448%;\">\u00a0<\/td>\n<td style=\"width: 18.620727586206897%;\">\u00a0<\/td>\n<\/tr>\n<\/tbody>\n<\/table>\n","protected":false},"excerpt":{"rendered":"<p>HIVER 2020\/2021 D\u00c9CEMBRE JANVIER FEVRIER MARS AVRIL \u00a0 03\/01\/2021 07\/02\/2021 07\/03\/2021 04\/04\/2021 13\/12\/2020 10\/01\/2021 14\/02\/2021 14\/03\/2021 11\/04\/2021 20\/12\/2020 17\/01\/2021 21\/02\/2021 21\/03\/2021 18\/04\/2021 27\/12\/2020 24\/01\/2021 28\/02\/2021 28\/03\/2021 25\/04\/2021 \u00a0 31\/01\/2021 \u00a0 \u00a0 \u00a0<\/p>\n","protected":false},"author":1,"featured_media":0,"parent":0,"menu_order":0,"comment_status":"closed","ping_status":"closed","template":"","meta":{"footnotes":""},"folder":[466],"yst_prominent_words":[],"class_list":["post-9329","page","type-page","status-publish","hentry"],"yoast_head":"<!-- This site is optimized with the Yoast SEO Premium plugin v14.1 - https:\/\/yoast.com\/wordpress\/plugins\/seo\/ -->\n<title>Dates Ski-Raquettes (Semaines Alpes) | Terralpina - Guides et Accompagnateurs en Montagne | Alpes - Pyr\u00e9n\u00e9es - \u00c9crins - Chamonix<\/title>\n<meta name=\"robots\" content=\"noindex, follow\" \/>\n<meta property=\"og:locale\" content=\"fr_FR\" \/>\n<meta property=\"og:type\" content=\"article\" \/>\n<meta property=\"og:title\" content=\"Dates Ski-Raquettes (Semaines Alpes) | Terralpina - Guides et Accompagnateurs en Montagne | Alpes - Pyr\u00e9n\u00e9es - \u00c9crins - Chamonix\" \/>\n<meta property=\"og:description\" content=\"HIVER 2020\/2021 D\u00c9CEMBRE JANVIER FEVRIER MARS AVRIL \u00a0 03\/01\/2021 07\/02\/2021 07\/03\/2021 04\/04\/2021 13\/12\/2020 10\/01\/2021 14\/02\/2021 14\/03\/2021 11\/04\/2021 20\/12\/2020 17\/01\/2021 21\/02\/2021 21\/03\/2021 18\/04\/2021 27\/12\/2020 24\/01\/2021 28\/02\/2021 28\/03\/2021 25\/04\/2021 \u00a0 31\/01\/2021 \u00a0 \u00a0 \u00a0\" \/>\n<meta property=\"og:url\" content=\"http:\/\/s892470164.mialojamiento.es\/fr\/dates-ski-raquettes-semaines-alpes\/\" \/>\n<meta property=\"og:site_name\" content=\"Terralpina - Guides et Accompagnateurs en Montagne | Alpes - Pyr\u00e9n\u00e9es - \u00c9crins - Chamonix\" \/>\n<meta property=\"article:publisher\" content=\"https:\/\/www.facebook.com\/terralpina.guias\" \/>\n<meta property=\"article:modified_time\" content=\"2020-10-30T21:37:13+00:00\" \/>\n<meta name=\"twitter:card\" content=\"summary_large_image\" \/>\n<script type=\"application\/ld+json\" class=\"yoast-schema-graph\">{\"@context\":\"https:\/\/schema.org\",\"@graph\":[{\"@type\":\"Organization\",\"@id\":\"https:\/\/terralpina.com\/fr\/#organization\",\"name\":\"Terralpina\",\"url\":\"https:\/\/terralpina.com\/fr\/\",\"sameAs\":[\"https:\/\/www.facebook.com\/terralpina.guias\",\"https:\/\/www.instagram.com\/terralpina\/\"],\"logo\":{\"@type\":\"ImageObject\",\"@id\":\"https:\/\/terralpina.com\/fr\/#logo\",\"inLanguage\":\"fr-FR\",\"url\":\"https:\/\/terralpina.com\/wp-content\/uploads\/2019\/06\/Terralpina-10-e1559767482375.png\",\"width\":150,\"height\":192,\"caption\":\"Terralpina\"},\"image\":{\"@id\":\"https:\/\/terralpina.com\/fr\/#logo\"}},{\"@type\":\"WebSite\",\"@id\":\"https:\/\/terralpina.com\/fr\/#website\",\"url\":\"https:\/\/terralpina.com\/fr\/\",\"name\":\"Terralpina - Guides et Accompagnateurs en Montagne | Alpes - Pyr\\u00e9n\\u00e9es - \\u00c9crins - Chamonix\",\"description\":\"Agencia de Gu\\u00edas de Monta\\u00f1a en Alpes\",\"publisher\":{\"@id\":\"https:\/\/terralpina.com\/fr\/#organization\"},\"potentialAction\":[{\"@type\":\"SearchAction\",\"target\":\"https:\/\/terralpina.com\/fr\/?s={search_term_string}\",\"query-input\":\"required name=search_term_string\"}],\"inLanguage\":\"fr-FR\"},{\"@type\":\"WebPage\",\"@id\":\"http:\/\/s892470164.mialojamiento.es\/fr\/dates-ski-raquettes-semaines-alpes\/#webpage\",\"url\":\"http:\/\/s892470164.mialojamiento.es\/fr\/dates-ski-raquettes-semaines-alpes\/\",\"name\":\"Dates Ski-Raquettes (Semaines Alpes) | Terralpina - Guides et Accompagnateurs en Montagne | Alpes - Pyr\\u00e9n\\u00e9es - \\u00c9crins - Chamonix\",\"isPartOf\":{\"@id\":\"https:\/\/terralpina.com\/fr\/#website\"},\"datePublished\":\"2020-10-05T15:59:19+00:00\",\"dateModified\":\"2020-10-30T21:37:13+00:00\",\"inLanguage\":\"fr-FR\",\"potentialAction\":[{\"@type\":\"ReadAction\",\"target\":[\"http:\/\/s892470164.mialojamiento.es\/fr\/dates-ski-raquettes-semaines-alpes\/\"]}]}]}<\/script>\n<!-- \/ Yoast SEO Premium plugin. -->","_links":{"self":[{"href":"https:\/\/terralpina.com\/fr\/wp-json\/wp\/v2\/pages\/9329","targetHints":{"allow":["GET"]}}],"collection":[{"href":"https:\/\/terralpina.com\/fr\/wp-json\/wp\/v2\/pages"}],"about":[{"href":"https:\/\/terralpina.com\/fr\/wp-json\/wp\/v2\/types\/page"}],"author":[{"embeddable":true,"href":"https:\/\/terralpina.com\/fr\/wp-json\/wp\/v2\/users\/1"}],"replies":[{"embeddable":true,"href":"https:\/\/terralpina.com\/fr\/wp-json\/wp\/v2\/comments?post=9329"}],"version-history":[{"count":5,"href":"https:\/\/terralpina.com\/fr\/wp-json\/wp\/v2\/pages\/9329\/revisions"}],"predecessor-version":[{"id":9575,"href":"https:\/\/terralpina.com\/fr\/wp-json\/wp\/v2\/pages\/9329\/revisions\/9575"}],"wp:attachment":[{"href":"https:\/\/terralpina.com\/fr\/wp-json\/wp\/v2\/media?parent=9329"}],"wp:term":[{"taxonomy":"folder","embeddable":true,"href":"https:\/\/terralpina.com\/fr\/wp-json\/wp\/v2\/folder?post=9329"},{"taxonomy":"yst_prominent_words","embeddable":true,"href":"https:\/\/terralpina.com\/fr\/wp-json\/wp\/v2\/yst_prominent_words?post=9329"}],"curies":[{"name":"wp","href":"https:\/\/api.w.org\/{rel}","templated":true}]}}