{"id":8660,"date":"2016-09-05T10:56:21","date_gmt":"2016-09-05T10:56:21","guid":{"rendered":"http:\/\/s892470164.mialojamiento.es\/sobre-nosotros"},"modified":"2020-05-26T08:39:19","modified_gmt":"2020-05-26T08:39:19","slug":"a-propos-de-nous","status":"publish","type":"page","link":"https:\/\/terralpina.com\/fr\/a-propos-de-nous\/","title":{"rendered":"\u00c0 propos de nous"},"content":{"rendered":"","protected":false},"excerpt":{"rendered":"","protected":false},"author":1,"featured_media":0,"parent":0,"menu_order":0,"comment_status":"closed","ping_status":"closed","template":"","meta":{"footnotes":""},"folder":[467],"yst_prominent_words":[832,818,823,819,822,820,815,830,827,817,833,824,831,829,825,821,814,826,828,816],"class_list":["post-8660","page","type-page","status-publish","hentry"],"yoast_head":"<!-- This site is optimized with the Yoast SEO Premium plugin v14.1 - https:\/\/yoast.com\/wordpress\/plugins\/seo\/ -->\n<title>\u00c0 propos de nous | Terralpina - Guides et Accompagnateurs en Montagne | Alpes - Pyr\u00e9n\u00e9es - \u00c9crins - Chamonix<\/title>\n<meta name=\"robots\" content=\"index, follow\" \/>\n<meta name=\"googlebot\" content=\"index, follow, max-snippet:-1, max-image-preview:large, max-video-preview:-1\" \/>\n<meta name=\"bingbot\" content=\"index, follow, max-snippet:-1, max-image-preview:large, max-video-preview:-1\" \/>\n<link rel=\"canonical\" href=\"http:\/\/s892470164.mialojamiento.es\/fr\/a-propos-de-nous\/\" \/>\n<meta property=\"og:locale\" content=\"fr_FR\" \/>\n<meta property=\"og:type\" content=\"article\" \/>\n<meta property=\"og:title\" content=\"\u00c0 propos de nous | Terralpina - Guides et Accompagnateurs en Montagne | Alpes - Pyr\u00e9n\u00e9es - \u00c9crins - Chamonix\" \/>\n<meta property=\"og:url\" content=\"http:\/\/s892470164.mialojamiento.es\/fr\/a-propos-de-nous\/\" \/>\n<meta property=\"og:site_name\" content=\"Terralpina - Guides et Accompagnateurs en Montagne | Alpes - Pyr\u00e9n\u00e9es - \u00c9crins - Chamonix\" \/>\n<meta property=\"article:publisher\" content=\"https:\/\/www.facebook.com\/terralpina.guias\" \/>\n<meta property=\"article:modified_time\" content=\"2020-05-26T08:39:19+00:00\" \/>\n<meta name=\"twitter:card\" content=\"summary_large_image\" \/>\n<script type=\"application\/ld+json\" class=\"yoast-schema-graph\">{\"@context\":\"https:\/\/schema.org\",\"@graph\":[{\"@type\":\"Organization\",\"@id\":\"https:\/\/terralpina.com\/fr\/#organization\",\"name\":\"Terralpina\",\"url\":\"https:\/\/terralpina.com\/fr\/\",\"sameAs\":[\"https:\/\/www.facebook.com\/terralpina.guias\",\"https:\/\/www.instagram.com\/terralpina\/\"],\"logo\":{\"@type\":\"ImageObject\",\"@id\":\"https:\/\/terralpina.com\/fr\/#logo\",\"inLanguage\":\"fr-FR\",\"url\":\"https:\/\/terralpina.com\/wp-content\/uploads\/2019\/06\/Terralpina-10-e1559767482375.png\",\"width\":150,\"height\":192,\"caption\":\"Terralpina\"},\"image\":{\"@id\":\"https:\/\/terralpina.com\/fr\/#logo\"}},{\"@type\":\"WebSite\",\"@id\":\"https:\/\/terralpina.com\/fr\/#website\",\"url\":\"https:\/\/terralpina.com\/fr\/\",\"name\":\"Terralpina - Guides et Accompagnateurs en Montagne | Alpes - Pyr\\u00e9n\\u00e9es - \\u00c9crins - Chamonix\",\"description\":\"Agencia de Gu\\u00edas de Monta\\u00f1a en Alpes\",\"publisher\":{\"@id\":\"https:\/\/terralpina.com\/fr\/#organization\"},\"potentialAction\":[{\"@type\":\"SearchAction\",\"target\":\"https:\/\/terralpina.com\/fr\/?s={search_term_string}\",\"query-input\":\"required name=search_term_string\"}],\"inLanguage\":\"fr-FR\"},{\"@type\":\"WebPage\",\"@id\":\"http:\/\/s892470164.mialojamiento.es\/fr\/a-propos-de-nous\/#webpage\",\"url\":\"http:\/\/s892470164.mialojamiento.es\/fr\/a-propos-de-nous\/\",\"name\":\"\\u00c0 propos de nous | Terralpina - Guides et Accompagnateurs en Montagne | Alpes - Pyr\\u00e9n\\u00e9es - \\u00c9crins - Chamonix\",\"isPartOf\":{\"@id\":\"https:\/\/terralpina.com\/fr\/#website\"},\"datePublished\":\"2016-09-05T10:56:21+00:00\",\"dateModified\":\"2020-05-26T08:39:19+00:00\",\"inLanguage\":\"fr-FR\",\"potentialAction\":[{\"@type\":\"ReadAction\",\"target\":[\"http:\/\/s892470164.mialojamiento.es\/fr\/a-propos-de-nous\/\"]}]}]}<\/script>\n<!-- \/ Yoast SEO Premium plugin. -->","_links":{"self":[{"href":"https:\/\/terralpina.com\/fr\/wp-json\/wp\/v2\/pages\/8660","targetHints":{"allow":["GET"]}}],"collection":[{"href":"https:\/\/terralpina.com\/fr\/wp-json\/wp\/v2\/pages"}],"about":[{"href":"https:\/\/terralpina.com\/fr\/wp-json\/wp\/v2\/types\/page"}],"author":[{"embeddable":true,"href":"https:\/\/terralpina.com\/fr\/wp-json\/wp\/v2\/users\/1"}],"replies":[{"embeddable":true,"href":"https:\/\/terralpina.com\/fr\/wp-json\/wp\/v2\/comments?post=8660"}],"version-history":[{"count":3,"href":"https:\/\/terralpina.com\/fr\/wp-json\/wp\/v2\/pages\/8660\/revisions"}],"predecessor-version":[{"id":8874,"href":"https:\/\/terralpina.com\/fr\/wp-json\/wp\/v2\/pages\/8660\/revisions\/8874"}],"wp:attachment":[{"href":"https:\/\/terralpina.com\/fr\/wp-json\/wp\/v2\/media?parent=8660"}],"wp:term":[{"taxonomy":"folder","embeddable":true,"href":"https:\/\/terralpina.com\/fr\/wp-json\/wp\/v2\/folder?post=8660"},{"taxonomy":"yst_prominent_words","embeddable":true,"href":"https:\/\/terralpina.com\/fr\/wp-json\/wp\/v2\/yst_prominent_words?post=8660"}],"curies":[{"name":"wp","href":"https:\/\/api.w.org\/{rel}","templated":true}]}}