{"id":8580,"date":"2020-04-28T18:41:59","date_gmt":"2020-04-28T18:41:59","guid":{"rendered":"http:\/\/s892470164.mialojamiento.es\/dates-ete-jun-sep-texte-copy"},"modified":"2022-10-17T19:56:09","modified_gmt":"2022-10-17T19:56:09","slug":"dates-ete-juin-sept-semaines","status":"publish","type":"page","link":"https:\/\/terralpina.com\/fr\/dates-ete-juin-sept-semaines\/","title":{"rendered":"Dates \u00c9t\u00e9 (Juin-Sept) Semaines"},"content":{"rendered":"\n<h6 style=\"text-align: center;\">\u00c9T\u00c9 2023<\/h6>\n<table style=\"width: 100%; height: 130px;\">\n<tbody>\n<tr style=\"height: 24px;\">\n<th style=\"width: 18.2759%; height: 24px;\">MAI<\/th>\n<th style=\"height: 24px; width: 19.3103%;\">JUIN<\/th>\n<th style=\"height: 24px; width: 20.3448%;\">JUILLET<\/th>\n<th style=\"height: 24px; width: 19.1379%;\">AO\u00dbT<\/th>\n<th style=\"height: 24px; width: 20.6897%;\">SEPTEMBRE<\/th>\n<\/tr>\n<tr>\n<td style=\"width: 18.2759%;\">\u00a0<\/td>\n<td style=\"width: 19.3103%;\">\u00a0<\/td>\n<td style=\"width: 20.3448%;\">03\/07\/2023<\/td>\n<td style=\"width: 19.1379%;\">\u00a0<\/td>\n<td style=\"width: 20.6897%;\">\u00a0<\/td>\n<\/tr>\n<tr>\n<td style=\"width: 18.2759%;\">\u00a0<\/td>\n<td style=\"width: 19.3103%;\">05\/06\/2023<\/td>\n<td style=\"width: 20.3448%;\">10\/07\/2023<\/td>\n<td style=\"width: 19.1379%;\">07\/08\/2023<\/td>\n<td style=\"width: 20.6897%;\">04\/09\/2023<\/td>\n<\/tr>\n<tr>\n<td style=\"width: 18.2759%;\">\u00a0<\/td>\n<td style=\"width: 19.3103%;\">12\/06\/2003<\/td>\n<td style=\"width: 20.3448%;\">17\/07\/2023<\/td>\n<td style=\"width: 19.1379%;\">14\/08\/2023<\/td>\n<td style=\"width: 20.6897%;\">11\/09\/2023<\/td>\n<\/tr>\n<tr>\n<td style=\"width: 18.2759%;\">\u00a0<\/td>\n<td style=\"width: 19.3103%;\">19\/06\/2023<\/td>\n<td style=\"width: 20.3448%;\">24\/07\/2023<\/td>\n<td style=\"width: 19.1379%;\">21\/08\/2023<\/td>\n<td style=\"width: 20.6897%;\">18\/09\/2023<\/td>\n<\/tr>\n<tr>\n<td style=\"width: 18.2759%;\">29\/05\/2023<\/td>\n<td style=\"width: 19.3103%;\">26\/06\/2023<\/td>\n<td style=\"width: 20.3448%;\">31\/07\/2023<\/td>\n<td style=\"width: 19.1379%;\">28\/08\/2023<\/td>\n<td style=\"width: 20.6897%;\">25\/09\/2023<\/td>\n<\/tr>\n<\/tbody>\n<\/table>\n","protected":false},"excerpt":{"rendered":"<p>\u00c9T\u00c9 2023 MAI JUIN JUILLET AO\u00dbT SEPTEMBRE \u00a0 \u00a0 03\/07\/2023 \u00a0 \u00a0 \u00a0 05\/06\/2023 10\/07\/2023 07\/08\/2023 04\/09\/2023 \u00a0 12\/06\/2003 17\/07\/2023 14\/08\/2023 11\/09\/2023 \u00a0 19\/06\/2023 24\/07\/2023 21\/08\/2023 18\/09\/2023 29\/05\/2023 26\/06\/2023 31\/07\/2023 28\/08\/2023 25\/09\/2023<\/p>\n","protected":false},"author":1,"featured_media":0,"parent":0,"menu_order":0,"comment_status":"closed","ping_status":"closed","template":"","meta":{"footnotes":""},"folder":[466],"yst_prominent_words":[],"class_list":["post-8580","page","type-page","status-publish","hentry"],"yoast_head":"<!-- This site is optimized with the Yoast SEO Premium plugin v14.1 - https:\/\/yoast.com\/wordpress\/plugins\/seo\/ -->\n<title>Dates \u00c9t\u00e9 (Juin-Sept) Semaines | Terralpina - Guides et Accompagnateurs en Montagne | Alpes - Pyr\u00e9n\u00e9es - \u00c9crins - Chamonix<\/title>\n<meta name=\"robots\" content=\"noindex, follow\" \/>\n<meta property=\"og:locale\" content=\"fr_FR\" \/>\n<meta property=\"og:type\" content=\"article\" \/>\n<meta property=\"og:title\" content=\"Dates \u00c9t\u00e9 (Juin-Sept) Semaines | Terralpina - Guides et Accompagnateurs en Montagne | Alpes - Pyr\u00e9n\u00e9es - \u00c9crins - Chamonix\" \/>\n<meta property=\"og:description\" content=\"\u00c9T\u00c9 2023 MAI JUIN JUILLET AO\u00dbT SEPTEMBRE \u00a0 \u00a0 03\/07\/2023 \u00a0 \u00a0 \u00a0 05\/06\/2023 10\/07\/2023 07\/08\/2023 04\/09\/2023 \u00a0 12\/06\/2003 17\/07\/2023 14\/08\/2023 11\/09\/2023 \u00a0 19\/06\/2023 24\/07\/2023 21\/08\/2023 18\/09\/2023 29\/05\/2023 26\/06\/2023 31\/07\/2023 28\/08\/2023 25\/09\/2023\" \/>\n<meta property=\"og:url\" content=\"https:\/\/terralpina.com\/fr\/dates-ete-juin-sept-semaines\/\" \/>\n<meta property=\"og:site_name\" content=\"Terralpina - Guides et Accompagnateurs en Montagne | Alpes - Pyr\u00e9n\u00e9es - \u00c9crins - Chamonix\" \/>\n<meta property=\"article:publisher\" content=\"https:\/\/www.facebook.com\/terralpina.guias\" \/>\n<meta property=\"article:modified_time\" content=\"2022-10-17T19:56:09+00:00\" \/>\n<meta name=\"twitter:card\" content=\"summary_large_image\" \/>\n<script type=\"application\/ld+json\" class=\"yoast-schema-graph\">{\"@context\":\"https:\/\/schema.org\",\"@graph\":[{\"@type\":\"Organization\",\"@id\":\"https:\/\/terralpina.com\/fr\/#organization\",\"name\":\"Terralpina\",\"url\":\"https:\/\/terralpina.com\/fr\/\",\"sameAs\":[\"https:\/\/www.facebook.com\/terralpina.guias\",\"https:\/\/www.instagram.com\/terralpina\/\"],\"logo\":{\"@type\":\"ImageObject\",\"@id\":\"https:\/\/terralpina.com\/fr\/#logo\",\"inLanguage\":\"fr-FR\",\"url\":\"https:\/\/terralpina.com\/wp-content\/uploads\/2019\/06\/Terralpina-10-e1559767482375.png\",\"width\":150,\"height\":192,\"caption\":\"Terralpina\"},\"image\":{\"@id\":\"https:\/\/terralpina.com\/fr\/#logo\"}},{\"@type\":\"WebSite\",\"@id\":\"https:\/\/terralpina.com\/fr\/#website\",\"url\":\"https:\/\/terralpina.com\/fr\/\",\"name\":\"Terralpina - Guides et Accompagnateurs en Montagne | Alpes - Pyr\\u00e9n\\u00e9es - \\u00c9crins - Chamonix\",\"description\":\"Agencia de Gu\\u00edas de Monta\\u00f1a en Alpes\",\"publisher\":{\"@id\":\"https:\/\/terralpina.com\/fr\/#organization\"},\"potentialAction\":[{\"@type\":\"SearchAction\",\"target\":\"https:\/\/terralpina.com\/fr\/?s={search_term_string}\",\"query-input\":\"required name=search_term_string\"}],\"inLanguage\":\"fr-FR\"},{\"@type\":\"WebPage\",\"@id\":\"https:\/\/terralpina.com\/fr\/dates-ete-juin-sept-semaines\/#webpage\",\"url\":\"https:\/\/terralpina.com\/fr\/dates-ete-juin-sept-semaines\/\",\"name\":\"Dates \\u00c9t\\u00e9 (Juin-Sept) Semaines | Terralpina - Guides et Accompagnateurs en Montagne | Alpes - Pyr\\u00e9n\\u00e9es - \\u00c9crins - Chamonix\",\"isPartOf\":{\"@id\":\"https:\/\/terralpina.com\/fr\/#website\"},\"datePublished\":\"2020-04-28T18:41:59+00:00\",\"dateModified\":\"2022-10-17T19:56:09+00:00\",\"inLanguage\":\"fr-FR\",\"potentialAction\":[{\"@type\":\"ReadAction\",\"target\":[\"https:\/\/terralpina.com\/fr\/dates-ete-juin-sept-semaines\/\"]}]}]}<\/script>\n<!-- \/ Yoast SEO Premium plugin. -->","_links":{"self":[{"href":"https:\/\/terralpina.com\/fr\/wp-json\/wp\/v2\/pages\/8580","targetHints":{"allow":["GET"]}}],"collection":[{"href":"https:\/\/terralpina.com\/fr\/wp-json\/wp\/v2\/pages"}],"about":[{"href":"https:\/\/terralpina.com\/fr\/wp-json\/wp\/v2\/types\/page"}],"author":[{"embeddable":true,"href":"https:\/\/terralpina.com\/fr\/wp-json\/wp\/v2\/users\/1"}],"replies":[{"embeddable":true,"href":"https:\/\/terralpina.com\/fr\/wp-json\/wp\/v2\/comments?post=8580"}],"version-history":[{"count":3,"href":"https:\/\/terralpina.com\/fr\/wp-json\/wp\/v2\/pages\/8580\/revisions"}],"predecessor-version":[{"id":11463,"href":"https:\/\/terralpina.com\/fr\/wp-json\/wp\/v2\/pages\/8580\/revisions\/11463"}],"wp:attachment":[{"href":"https:\/\/terralpina.com\/fr\/wp-json\/wp\/v2\/media?parent=8580"}],"wp:term":[{"taxonomy":"folder","embeddable":true,"href":"https:\/\/terralpina.com\/fr\/wp-json\/wp\/v2\/folder?post=8580"},{"taxonomy":"yst_prominent_words","embeddable":true,"href":"https:\/\/terralpina.com\/fr\/wp-json\/wp\/v2\/yst_prominent_words?post=8580"}],"curies":[{"name":"wp","href":"https:\/\/api.w.org\/{rel}","templated":true}]}}