{"id":8410,"date":"2019-07-01T21:19:52","date_gmt":"2019-07-01T21:19:52","guid":{"rendered":"http:\/\/s892470164.mialojamiento.es\/vestimenta-nieve"},"modified":"2024-10-17T21:44:31","modified_gmt":"2024-10-17T21:44:31","slug":"vetements-neige","status":"publish","type":"page","link":"https:\/\/terralpina.com\/fr\/vetements-neige\/","title":{"rendered":"V\u00eatements neige"},"content":{"rendered":"\n<p><strong>V\u00eatements<\/strong><\/p>\n<ul>\n<li>Sous-v\u00eatement thermiques (collant et t-shirt \u00e0 manche longue)<\/li>\n<li>Veste polaire type Polartec\u00ae<\/li>\n<li>Veste duvet (doudoune)<\/li>\n<li>Veste type Gore Tex\u00ae imperm\u00e9able et coupe-vent<\/li>\n<li>Pantalon long<\/li>\n<li>Pantalon long imperm\u00e9able<\/li>\n<li>Gu\u00eatres (optionnel)<\/li>\n<li>Bonnet, tour de cou et casquette<\/li>\n<li>Une paire de gants fins<\/li>\n<li>Une paire de gants chauds imperm\u00e9ables<\/li>\n<li>Lunettes de soleil<\/li>\n<li>Masque de ski<\/li>\n<\/ul>\n","protected":false},"excerpt":{"rendered":"<p>V\u00eatements Sous-v\u00eatement thermiques (collant et t-shirt \u00e0 manche longue) Veste polaire type Polartec\u00ae Veste duvet (doudoune) Veste type Gore Tex\u00ae imperm\u00e9able et coupe-vent Pantalon long Pantalon long imperm\u00e9able Gu\u00eatres (optionnel) Bonnet, tour de cou et casquette Une paire de gants fins Une paire de gants chauds imperm\u00e9ables Lunettes de soleil Masque de ski<\/p>\n","protected":false},"author":1,"featured_media":0,"parent":0,"menu_order":0,"comment_status":"closed","ping_status":"closed","template":"","meta":{"footnotes":""},"folder":[464],"yst_prominent_words":[908,1050],"class_list":["post-8410","page","type-page","status-publish","hentry"],"yoast_head":"<!-- This site is optimized with the Yoast SEO Premium plugin v14.1 - https:\/\/yoast.com\/wordpress\/plugins\/seo\/ -->\n<title>V\u00eatements neige | Terralpina - Guides et Accompagnateurs en Montagne | Alpes - Pyr\u00e9n\u00e9es - \u00c9crins - Chamonix<\/title>\n<meta name=\"robots\" content=\"noindex, follow\" \/>\n<meta property=\"og:locale\" content=\"fr_FR\" \/>\n<meta property=\"og:type\" content=\"article\" \/>\n<meta property=\"og:title\" content=\"V\u00eatements neige | Terralpina - Guides et Accompagnateurs en Montagne | Alpes - Pyr\u00e9n\u00e9es - \u00c9crins - Chamonix\" \/>\n<meta property=\"og:description\" content=\"V\u00eatements Sous-v\u00eatement thermiques (collant et t-shirt \u00e0 manche longue) Veste polaire type Polartec\u00ae Veste duvet (doudoune) Veste type Gore Tex\u00ae imperm\u00e9able et coupe-vent Pantalon long Pantalon long imperm\u00e9able Gu\u00eatres (optionnel) Bonnet, tour de cou et casquette Une paire de gants fins Une paire de gants chauds imperm\u00e9ables Lunettes de soleil Masque de ski\" \/>\n<meta property=\"og:url\" content=\"https:\/\/terralpina.com\/fr\/vetements-neige\/\" \/>\n<meta property=\"og:site_name\" content=\"Terralpina - Guides et Accompagnateurs en Montagne | Alpes - Pyr\u00e9n\u00e9es - \u00c9crins - Chamonix\" \/>\n<meta property=\"article:publisher\" content=\"https:\/\/www.facebook.com\/terralpina.guias\" \/>\n<meta property=\"article:modified_time\" content=\"2024-10-17T21:44:31+00:00\" \/>\n<meta name=\"twitter:card\" content=\"summary_large_image\" \/>\n<script type=\"application\/ld+json\" class=\"yoast-schema-graph\">{\"@context\":\"https:\/\/schema.org\",\"@graph\":[{\"@type\":\"Organization\",\"@id\":\"https:\/\/terralpina.com\/fr\/#organization\",\"name\":\"Terralpina\",\"url\":\"https:\/\/terralpina.com\/fr\/\",\"sameAs\":[\"https:\/\/www.facebook.com\/terralpina.guias\",\"https:\/\/www.instagram.com\/terralpina\/\"],\"logo\":{\"@type\":\"ImageObject\",\"@id\":\"https:\/\/terralpina.com\/fr\/#logo\",\"inLanguage\":\"fr-FR\",\"url\":\"https:\/\/terralpina.com\/wp-content\/uploads\/2019\/06\/Terralpina-10-e1559767482375.png\",\"width\":150,\"height\":192,\"caption\":\"Terralpina\"},\"image\":{\"@id\":\"https:\/\/terralpina.com\/fr\/#logo\"}},{\"@type\":\"WebSite\",\"@id\":\"https:\/\/terralpina.com\/fr\/#website\",\"url\":\"https:\/\/terralpina.com\/fr\/\",\"name\":\"Terralpina - Guides et Accompagnateurs en Montagne | Alpes - Pyr\\u00e9n\\u00e9es - \\u00c9crins - Chamonix\",\"description\":\"Agencia de Gu\\u00edas de Monta\\u00f1a en Alpes\",\"publisher\":{\"@id\":\"https:\/\/terralpina.com\/fr\/#organization\"},\"potentialAction\":[{\"@type\":\"SearchAction\",\"target\":\"https:\/\/terralpina.com\/fr\/?s={search_term_string}\",\"query-input\":\"required name=search_term_string\"}],\"inLanguage\":\"fr-FR\"},{\"@type\":\"WebPage\",\"@id\":\"https:\/\/terralpina.com\/fr\/vetements-neige\/#webpage\",\"url\":\"https:\/\/terralpina.com\/fr\/vetements-neige\/\",\"name\":\"V\\u00eatements neige | Terralpina - Guides et Accompagnateurs en Montagne | Alpes - Pyr\\u00e9n\\u00e9es - \\u00c9crins - Chamonix\",\"isPartOf\":{\"@id\":\"https:\/\/terralpina.com\/fr\/#website\"},\"datePublished\":\"2019-07-01T21:19:52+00:00\",\"dateModified\":\"2024-10-17T21:44:31+00:00\",\"inLanguage\":\"fr-FR\",\"potentialAction\":[{\"@type\":\"ReadAction\",\"target\":[\"https:\/\/terralpina.com\/fr\/vetements-neige\/\"]}]}]}<\/script>\n<!-- \/ Yoast SEO Premium plugin. -->","_links":{"self":[{"href":"https:\/\/terralpina.com\/fr\/wp-json\/wp\/v2\/pages\/8410","targetHints":{"allow":["GET"]}}],"collection":[{"href":"https:\/\/terralpina.com\/fr\/wp-json\/wp\/v2\/pages"}],"about":[{"href":"https:\/\/terralpina.com\/fr\/wp-json\/wp\/v2\/types\/page"}],"author":[{"embeddable":true,"href":"https:\/\/terralpina.com\/fr\/wp-json\/wp\/v2\/users\/1"}],"replies":[{"embeddable":true,"href":"https:\/\/terralpina.com\/fr\/wp-json\/wp\/v2\/comments?post=8410"}],"version-history":[{"count":4,"href":"https:\/\/terralpina.com\/fr\/wp-json\/wp\/v2\/pages\/8410\/revisions"}],"predecessor-version":[{"id":14043,"href":"https:\/\/terralpina.com\/fr\/wp-json\/wp\/v2\/pages\/8410\/revisions\/14043"}],"wp:attachment":[{"href":"https:\/\/terralpina.com\/fr\/wp-json\/wp\/v2\/media?parent=8410"}],"wp:term":[{"taxonomy":"folder","embeddable":true,"href":"https:\/\/terralpina.com\/fr\/wp-json\/wp\/v2\/folder?post=8410"},{"taxonomy":"yst_prominent_words","embeddable":true,"href":"https:\/\/terralpina.com\/fr\/wp-json\/wp\/v2\/yst_prominent_words?post=8410"}],"curies":[{"name":"wp","href":"https:\/\/api.w.org\/{rel}","templated":true}]}}