{"id":14283,"date":"2024-11-29T10:06:12","date_gmt":"2024-11-29T10:06:12","guid":{"rendered":"https:\/\/terralpina.com\/?page_id=14283"},"modified":"2024-11-29T19:55:22","modified_gmt":"2024-11-29T19:55:22","slug":"mentions-legales","status":"publish","type":"page","link":"https:\/\/terralpina.com\/fr\/mentions-legales\/","title":{"rendered":"Mentions l\u00e9gales"},"content":{"rendered":"\n\n<h4>Mentions l\u00e9gales<\/h4>\n<p><b>Terralpina Association de tourisme en montagne<\/b><\/p>\n<p>Nom commercial : Terralpina<br \/>Si\u00e8ge social : 209 Route de Parapin &#8211; 05120 Les Vigneaux \u2013 France<br \/>Contact : info.terralpina@gmail.com<br \/>T\u00e9l : 07 80 44 93 61<br \/>Affili\u00e9e \u00e0 L&rsquo;APRIAM &#8211; 73800 Porte de Savoie<br \/>Structure juridique : Association d\u00e9clar\u00e9e<br \/>N\u00ba Immatriculation ATOUT FRANCE : IM073.100023<br \/>Responsabilit\u00e9 civile professionnelle (RCP) : MMA IARD Contrat : 103.056.234 &#8211; 72 Le Mans<br \/>Garantie financi\u00e8re : Groupama Assurance-cr\u00e9dit Contrat : 4000713451\/0 &#8211; 93 Noisy Le Grand<br \/>N\u00ba SIRET : 924 438 062 00011<br \/>Code APE : 93.12Z<br \/>N\u00b0TVA intracommunautaire : FR 02924438062<\/p>\n<h5>\u00a0<\/h5>\n<h4>Conditions g\u00e9n\u00e9rales d&rsquo;utilisation du site web<\/h4>\n<p>Les pr\u00e9sentes Conditions G\u00e9n\u00e9rales d\u2019Utilisation (ci-apr\u00e8s d\u00e9sign\u00e9es \u00ab CGU \u00bb) ont vocation \u00e0 s\u2019appliquer de fa\u00e7on exclusive entre Terralpina et toutes personnes souhaitant acc\u00e9der au Site et \/ou utiliser les services propos\u00e9es depuis le Site (ci \u2013apr\u00e8s \u00ab l\u2019Utilisateur \u00bb).<\/p>\n<p>Toute utilisation des services propos\u00e9s via le Site emporte de plein droit l\u2019application des pr\u00e9sentes CGU. Nous vous invitons \u00e0 les lire attentivement.<\/p>\n<p>Nous vous informons que les dispositions des pr\u00e9sentes CGU sont susceptibles d\u2019\u00eatre modifi\u00e9es notamment en raison de l\u2019\u00e9volution l\u00e9gislative et\/ou r\u00e9glementaire, sans que la responsabilit\u00e9 de Terralpina puisse \u00eatre recherch\u00e9e. Les modifications prendront effet \u00e0 leur publication sur le Site (sauf indication contraire). La derni\u00e8re version mise \u00e0 jour, sera disponible \u00e0 tous et accessible en permanence sur le Site , en cliquant sur le lien \u00ab\u00a0Mentions l\u00e9gales\u00a0\u00bb figurant en bas de page du Site.<\/p>\n<p>Le Site est \u00e9dit\u00e9 par la Association Terralpina, repr\u00e9sent\u00e9e par Isra Samper et Laura Vinyet.<\/p>\n<p><strong>Article 1 : H\u00e9bergement web<\/strong><\/p>\n<p>Israel Juan Samper<br \/>5 rue Saint-Antoine<br \/>05120 L&rsquo;Argenti\u00e8re-la-Bess\u00e9e<br \/>N\u00ba SIRET : 812 322 295 00047<br \/>T\u00e9l\u00e9phone : +33 0 781 751 014<\/p>\n<p><strong>Article 2 : D\u00e9finition<\/strong><\/p>\n<ul>\n<li>Le Site : d\u00e9signe le site web de l&rsquo;Association Terralpina accessible depuis l\u2019adresse : https:\/\/www.terralpina.com\/fr<\/li>\n<li>Utilisateur : tout internaute qui navigue et\/ou utilise les services propos\u00e9s par Terralpina depuis le Site.<\/li>\n<li>Services : d\u00e9signent tous les services propos\u00e9s par Terralpina \u00e0 savoir les prestations de s\u00e9jours ainsi que les prestations de services associ\u00e9s.<\/li>\n<li>Participant : tout internaute qui apr\u00e8s avoir acc\u00e9d\u00e9 au Site, (I) s\u2019inscrit \u00e0 la Newsletter, et\/ou (II) formule une demande de devis, et\/ou (III) accepte une proposition de prestations de s\u00e9jours re\u00e7ue de Terralpina.<\/li>\n<\/ul>\n<p><strong>Article 3 : Utilisation du Site<\/strong><\/p>\n<p>Le Site est accessible gratuitement en tout lieu par tout Utilisateur disposant d\u2019un acc\u00e8s \u00e0 internet. Tous les frais support\u00e9s par l\u2019Utilisateur pour acc\u00e9der aux Services demeurent \u00e0 sa charge. De m\u00eame, Terralpina ne saurait \u00eatre tenue pour responsable de tout probl\u00e8me de connexion internet imputable \u00e0 tout \u00e9quipement et\/ ou op\u00e9rateur auxquels a recourt l\u2019Utilisateur (d\u00e9bit r\u00e9duit ou connexion interrompue notamment).<\/p>\n<p>Depuis le Site, les Utilisateurs ont acc\u00e8s aux informations et\/ou aux Services suivants :<\/p>\n<ul>\n<li>Une offre de s\u00e9jours vari\u00e9e et portant sur la plupart des pays ouverts aux s\u00e9jours (acc\u00e8s gratuit \u00e0 tout internaute).<\/li>\n<li>Une information d\u00e9taill\u00e9e sur les divers produits et services propos\u00e9s par Terralpina (acc\u00e8s gratuit \u00e0 tout internaute).<\/li>\n<li>Un acc\u00e8s sp\u00e9cifique pour faire souscrire de mani\u00e8re ferme ou optionnelle un s\u00e9jour, faire une demande de devis en ligne.<\/li>\n<li>Un acc\u00e8s \u00e0 un espace personnalis\u00e9 accessible \u00e0 tout Participant disposant de codes d\u2019acc\u00e8s.<\/li>\n<\/ul>\n<p><strong>Article 4 : Utilisation des Cookies et liens Hypertextes<\/strong><\/p>\n<p>Terralpina informe l\u2019Utilisateur qu\u2019elle peut \u00eatre amen\u00e9e \u00e0 utiliser des cookies. Ce dernier accepte express\u00e9ment l\u2019utilisation des cookies en poursuivant sa navigation sur le site.<br \/>Les cookies nous permettent :<\/p>\n<ul>\n<li>\u00c9tablir des statistiques et volumes de fr\u00e9quentation et d\u2019utilisation des divers \u00e9l\u00e9ments composant notre Site, nous permettant d\u2019am\u00e9liorer la configuration et l\u2019int\u00e9r\u00eat du contenu de notre site<br \/>d\u2019\u2019adapter la pr\u00e9sentation de notre site aux pr\u00e9f\u00e9rences d\u2019affichage du terminal de l\u2019utilisateur (lr\u00e9solution d\u2019affichage, syst\u00e8me d\u2019exploitation utilis\u00e9, etc) lors de vos visites sur notre site<br \/>de m\u00e9moriser des informations relatives \u00e0 des produits ou informations que vous avez choisis sur notre site<\/li>\n<li>L\u2019utilisateur du site peut \u00e0 tout moment configurer son logiciel de navigation de mani\u00e8re \u00e0 ce que des cookies soient enregistr\u00e9s dans son terminal ou qu\u2019ils soient rejet\u00e9s (soit syst\u00e9matiquement, soit selon leur \u00e9metteur).<\/li>\n<li>Pour la gestion des cookies et de vos choix, la configuration de chaque navigateur (Internet Explorer, Firefox, Safari, Google Chrome) est diff\u00e9rente. Il appartient \u00e0 l\u2019utilisateur de modifier s\u2019il le souhaite les param\u00e8tres des cookies \u00e0 l\u2019aide du menu \u00ab Aide \u00bb de son navigateur.<\/li>\n<\/ul>\n<p>Le site Terralp\u00ecna contient un certain nombre de liens hypertextes vers d\u2019autres sites, d\u00e9nomm\u00e9s partenaires. Cependant, Terralpina pas la possibilit\u00e9 de v\u00e9rifier le contenu des sites ainsi visit\u00e9s, et la pr\u00e9sence des ces liens hypertextes ne constitue pas une garantie sur la qualit\u00e9 de contenu et de bon fonctionnement des dits sites. Notre responsabilit\u00e9 ne saurait \u00eatre engag\u00e9e quant au contenu de ces sites.\u00a0<br class=\"autobr\" \/>La cr\u00e9ation de liens hypertexte vers notre site est soumise \u00e0 notre accord pr\u00e9alable. Dans le cas de la cr\u00e9ation d\u2019un lien hypertexte vers notre site qui n\u2019aurait pas fait l\u2019objet d\u2019un accord pr\u00e9alable, nous nous r\u00e9servons le droit d\u2019exiger \u00e0 tout moment le retrait dudit lien hypertexte.<\/p>\n<p><strong>Article 5 : Garantie et Responsabilit\u00e9<\/strong><\/p>\n<p>Terralpina fera ses meilleurs efforts pour permettre l\u2019acc\u00e8s au Site 24h\/24h, 7jours \/ 7, sauf en cas de force majeure ou d\u2019un \u00e9v\u00e9nement hors de contr\u00f4le de Terralpina et sous r\u00e9serve des \u00e9ventuelles pannes et interventions de maintenance n\u00e9cessaires au bon fonctionnement du Site.<\/p>\n<p>En effet, pour la bonne gestion du Site, Terralpina pourra \u00e0 tout moment :<\/p>\n<ul>\n<li>Suspendre, interrompre ou limiter l\u2019acc\u00e8s \u00e0 tout ou partie du Site, r\u00e9server l\u2019acc\u00e8s au Site, ou \u00e0 certaines parties du Site.<\/li>\n<li>Supprimer toute information pouvant en perturber le fonctionnement ou entrant en contradiction avec la r\u00e9glementation applicable.<\/li>\n<li>Suspendre le Site afin de proc\u00e9der \u00e0 des mises \u00e0 jour.<\/li>\n<li>La responsabilit\u00e9 de Terralpina ne pourra \u00eatre engag\u00e9e en cas de d\u00e9faillance, panne, difficult\u00e9 ou interruption de fonctionnement, emp\u00eachant l\u2019acc\u00e8s au Site ou \u00e0 une de ses fonctionnalit\u00e9s.<\/li>\n<\/ul>\n<p>Le mat\u00e9riel de connexion au Site demeure sous la responsabilit\u00e9 de l\u2019Utilisateur qui devra prendre toutes les mesures appropri\u00e9es pour prot\u00e9ger son mat\u00e9riel ainsi que ses propres donn\u00e9es notamment en cas d\u2019attaques virales par internet. La responsabilit\u00e9 de Terralpina ne pourra \u00eatre recherch\u00e9e, l\u2019Utilisateur demeurant le seul responsable des sites internet et donn\u00e9es consult\u00e9s.<\/p>\n<p><strong>Article 6 : Obligations g\u00e9n\u00e9rales de l\u2019Utilisateur du Site<\/strong><\/p>\n<p>L\u2019Utilisateur s\u2019engage \u00e0 utiliser le Site conform\u00e9ment aux dispositions des pr\u00e9sentes CGU, \u00e0 l\u2019ordre public et aux bonnes m\u0153urs, dans le respect du droit de propri\u00e9t\u00e9 intellectuelle et du droit \u00e0 l\u2019image. A d\u00e9faut de respecter ces dispositions, Terralpina pourra engager la responsabilit\u00e9 de l\u2019Utilisateur.<\/p>\n<p>L\u2019Utilisateur ou le Participant doivent conserver en toute s\u00e9curit\u00e9 tout identifiant et tout mot de passe leur permettant d&rsquo;acc\u00e9der au Site ou toute partie de ceux-ci comme \u00e9tant strictement confidentiels, et ne doivent autoriser aucune personne \u00e0 acc\u00e9der \u00e0 cet identifiant et \u00e0 ce mot de passe et \u00e0 les utiliser.<\/p>\n<p>L\u2019Utilisateur ou le Participant sont responsables de toute activit\u00e9 en rapport avec les Services acc\u00e9d\u00e9s ou utilis\u00e9s via leur espace Participant. Ils doivent imm\u00e9diatement notifier Terralpina de toute utilisation non autoris\u00e9e de leurs identifiants et mot de passe en envoyant un courriel \u00e0 notre service Relations Participants \u00e0 l\u2019adresse suivante : info@terralpina.com<\/p>\n<p>En utilisant les Services, l\u2019Utilisateur et le Participant d\u00e9clarent et garantissent que (a) toutes les informations que communiqu\u00e9es sont v\u00e9ridiques et pr\u00e9cises ; (b) qu\u2019ils maintiennent l&rsquo;exactitude de ces informations ; (c) leur utilisation du Service ne viole aucune loi ou r\u00e9glementation applicable.<\/p>\n<p><strong>Article 7 : Propri\u00e9t\u00e9 intellectuelle<\/strong><\/p>\n<p>Tous contenus et mat\u00e9riels sur le Service, tels que les textes, graphiques, vid\u00e9os, \u0153uvres audiovisuelles, logos, photographies, ic\u00f4nes, images, clips audio et logiciels, sont la propri\u00e9t\u00e9 de Terralpina ou de ses conc\u00e9dants de licence et ils sont prot\u00e9g\u00e9s par les lois sur les droits d&rsquo;auteur en vigueur en France et les lois internationales applicables. Les contenus et mat\u00e9riels pr\u00e9sents sur le Site, exploit\u00e9, conc\u00e9d\u00e9 sous licence ou contr\u00f4l\u00e9 par Terralpina ne peuvent \u00eatre copi\u00e9s, sauf par un Utilisateur uniquement pour son utilisation personnelle, et de tels contenus et mat\u00e9riels ne peuvent \u00eatre distribu\u00e9s, republi\u00e9s, t\u00e9l\u00e9charg\u00e9s, publi\u00e9s ou transmis d&rsquo;une quelconque mani\u00e8re, sans l&rsquo;autorisation \u00e9crite pr\u00e9alable de Terralpina. La modification ou l&rsquo;utilisation du contenu ou mat\u00e9riel \u00e0 toute autre fin violerait les droits de propri\u00e9t\u00e9 intellectuelle de Terralpina et\/ou de ses conc\u00e9dants de licence.<\/p>\n<p>Terralpina, et autres marques et logos de Terralpina sont des marques d\u00e9pos\u00e9es et donc la propri\u00e9t\u00e9 de Terralpina. L&rsquo;utilisation non autoris\u00e9e de ces marques est interdite par la loi. Aucune partie du Service ni des CGU ne doit \u00eatre interpr\u00e9t\u00e9e comme conc\u00e9dant, implicitement, ou autrement, un(e) quelconque licence ou droit d&rsquo;utilisation d&rsquo;une quelconque Marque affich\u00e9e sur ce Service sans l&rsquo;autorisation \u00e9crite pr\u00e9alable de Terralpina sp\u00e9cifique pour chaque utilisation. L&rsquo;utilisation de toute Marque dans le cadre d&rsquo;un lien vers ou depuis un quelconque site Internet est interdite sans l&rsquo;autorisation \u00e9crite pr\u00e9alable de Terralpina.<\/p>\n<p><strong>Article 8 : Collecte des donn\u00e9es personnelles<\/strong><\/p>\n<p>Les donn\u00e9es personnelles sont notamment prot\u00e9g\u00e9es par la loi n\u00b0 78-87 du 6 janvier 1978, la loi n\u00b0 2004-801 du 6 ao\u00fbt 2004, l\u2019article L. 226-13 du Code p\u00e9nal et la Directive Europ\u00e9enne du 24 octobre 1995.<\/p>\n<p>Terralpina est susceptible de collecter des donn\u00e9es personnelles li\u00e9es \u00e0 l\u2019Utilisateur notamment lors :<\/p>\n<ul>\n<li>De la navigation sur le Site.<\/li>\n<li>D\u2019une demande de renseignement ou de prise de contact.<\/li>\n<li>Par le biais de la fiche de pr\u00e9-inscription.<\/li>\n<li>Du paiement d\u2019un S\u00e9jour.<\/li>\n<li>De l\u2019inscription \u00e0 la Newsletter.<\/li>\n<\/ul>\n<p>Les informations collect\u00e9es par Terralpina sont celles ayant trait \u00e0 l\u2019identit\u00e9 de l\u2019Utilisateur, \u00e0 ses coordonn\u00e9es postales et\/ou \u00e9lectroniques, \u00e0 un num\u00e9ro de carte bancaire ou encore \u00e0 des donn\u00e9es de connexion.<br \/>Toutes les donn\u00e9es \u00e0 caract\u00e8re personnel recueillies par Terralpina sont obligatoires et n\u00e9cessaires pour b\u00e9n\u00e9ficier des Services propos\u00e9s par Terralpina. Chaque donn\u00e9e collect\u00e9e par la Association est en accord avec la ou les finalit\u00e9s poursuivies.<br \/>Les donn\u00e9es personnelles collect\u00e9es ne servent que dans le cadre de l\u2019organisation des s\u00e9jours propos\u00e9s par Terralpina et ne sont jamais transmises \u00e0 des tiers. Seule exception, l\u2019organisation des stages \u00ab Ascension du Mont-blanc \u00bb pour lesquels nous sommes tenues, conform\u00e9ment \u00e0 r\u00e9glementation en vigueur, de renseigner les identit\u00e9s (nom, pr\u00e9nom, date de naissance et nationalit\u00e9) des participants lors de la r\u00e9servation des places dans les refuges de T\u00eate Rousse, <span style=\"font-weight: 400;\">Go\u00fbter et du Nid d\u2019Aigle<\/span>.<\/p>\n<p>Conform\u00e9ment aux dispositions de la loi 78-17 du 6 janvier 1978 modifi\u00e9e, l\u2019Utilisateur dispose d\u2019un droit d\u2019acc\u00e8s, de modification et de suppression des informations collect\u00e9es par Terralpina. Pour exercer ce droit, il reviendra \u00e0 l\u2019Utilisateur d\u2019envoyer un message \u00e0 l\u2019adresse suivante : info.terralpina@gmail.com.<\/p>\n<p><strong>Article 9 : Google Analytics<\/strong><\/p>\n<p>Terralpina utilise les fonctions du service d\u2019analyse web Google Analytics. Google Analytics utilise des cookies. Les informations g\u00e9n\u00e9r\u00e9es par les cookies relatives \u00e0 votre utilisation de notre site seront en principe transmises \u00e0 un serveur de Google aux Etats-Unis et enregistr\u00e9es sur ce dernier.<br \/>Si l\u2019Utilisateur ne souhaite pas transmettre d\u2019informations \u00e0 Google Analytics, il a la possibilit\u00e9 de t\u00e9l\u00e9charger et d\u2019installer ce module sur son navigateur Web. L\u2019Utilisateur peut t\u00e9l\u00e9charger le module de d\u00e9sactivation de Google Analytics en cliquant sur ce lien : https:\/\/tools.google.com\/dlpage\/gaoptout .<\/p>\n<p><strong>Article 10 : Loi applicable et Tribunal comp\u00e9tent &#8211; Litige &#8211; Mediation de la Consommation<\/strong><\/p>\n<p>Les pr\u00e9sentes CGU sont soumises au droit fran\u00e7ais. Tout litige relatif \u00e0 leur interpr\u00e9tation et \/ou \u00e0 leur ex\u00e9cution rel\u00e8ve des tribunaux fran\u00e7ais.<\/p>\n<p>En cas de litige entre le Participant et l\u2019entreprise, ceux-ci s\u2019efforceront de le r\u00e9soudre \u00e0 l\u2019amiable (le Participant adressera une r\u00e9clamation \u00e9crite aupr\u00e8s du professionnel ou, le cas \u00e9ch\u00e9ant, aupr\u00e8s du Service Relations Client\u00e8le du professionnel).<br class=\"autobr\" \/>A d\u00e9faut d\u2019accord amiable ou en l\u2019absence de r\u00e9ponse du professionnel dans un d\u00e9lai raisonnable d\u2019un (1) mois, le Participant consommateur au sens de l\u2019article L.133-4 du code de la consommation a la possibilit\u00e9 de saisir gratuitement, si un d\u00e9saccord subsiste, le m\u00e9diateur comp\u00e9tent inscrit sur la liste des m\u00e9diateurs \u00e9tablie par la Commission d\u2019\u00e9valuation et de contr\u00f4le de la m\u00e9diation de la consommation en application de l\u2019article L.615-1 du code de la consommation, \u00e0 savoir :<br class=\"autobr\" \/>La Soci\u00e9t\u00e9 M\u00e9diation Professionnelle<br class=\"autobr\" \/>24 rue Albert de Mun &#8211; 33000 Bordeaux<br class=\"autobr\" \/><a class=\"spip_url spip_out auto\" href=\"http:\/\/www.mediateur-consommation-smp.fr\/\" rel=\"nofollow external\">www.mediateur-consommation-smp.fr<\/a><\/p>\n<p><strong>Article 11 : Contactez-nous<\/strong><br \/>Si vous souhaitez nous contacter, y compris si vous avez une quelconque r\u00e9clamation, vous pouvez le faire via le formulaire de contact sur cette page, par email \u00e0 l&rsquo;adresse info.terralpina@gmail.com.<\/p>\n\n","protected":false},"excerpt":{"rendered":"<p>Mentions l\u00e9gales Terralpina Association de tourisme en montagne Nom commercial : TerralpinaSi\u00e8ge social : 209 Route de Parapin &#8211; 05120 Les Vigneaux \u2013 FranceContact : info.terralpina@gmail.comT\u00e9l : 07 80 44 93 61Affili\u00e9e \u00e0 L&rsquo;APRIAM &#8211; 73800 Porte de SavoieStructure juridique : Association d\u00e9clar\u00e9eN\u00ba Immatriculation ATOUT FRANCE : IM073.100023Responsabilit\u00e9 civile professionnelle (RCP) : MMA IARD Contrat [&hellip;]<\/p>\n","protected":false},"author":1,"featured_media":0,"parent":0,"menu_order":0,"comment_status":"closed","ping_status":"closed","template":"","meta":{"footnotes":""},"folder":[],"yst_prominent_words":[818,969,908,905,822,824],"class_list":["post-14283","page","type-page","status-publish","hentry"],"yoast_head":"<!-- This site is optimized with the Yoast SEO Premium plugin v14.1 - https:\/\/yoast.com\/wordpress\/plugins\/seo\/ -->\n<title>Mentions l\u00e9gales | Terralpina - Guides et Accompagnateurs en Montagne | Alpes - Pyr\u00e9n\u00e9es - \u00c9crins - Chamonix<\/title>\n<meta name=\"robots\" content=\"index, follow\" \/>\n<meta name=\"googlebot\" content=\"index, follow, max-snippet:-1, max-image-preview:large, max-video-preview:-1\" \/>\n<meta name=\"bingbot\" content=\"index, follow, max-snippet:-1, max-image-preview:large, max-video-preview:-1\" \/>\n<link rel=\"canonical\" href=\"https:\/\/terralpina.com\/fr\/mentions-legales\/\" \/>\n<meta property=\"og:locale\" content=\"fr_FR\" \/>\n<meta property=\"og:type\" content=\"article\" \/>\n<meta property=\"og:title\" content=\"Mentions l\u00e9gales | Terralpina - Guides et Accompagnateurs en Montagne | Alpes - Pyr\u00e9n\u00e9es - \u00c9crins - Chamonix\" \/>\n<meta property=\"og:description\" content=\"Mentions l\u00e9gales Terralpina Association de tourisme en montagne Nom commercial : TerralpinaSi\u00e8ge social : 209 Route de Parapin &#8211; 05120 Les Vigneaux \u2013 FranceContact : info.terralpina@gmail.comT\u00e9l : 07 80 44 93 61Affili\u00e9e \u00e0 L&rsquo;APRIAM &#8211; 73800 Porte de SavoieStructure juridique : Association d\u00e9clar\u00e9eN\u00ba Immatriculation ATOUT FRANCE : IM073.100023Responsabilit\u00e9 civile professionnelle (RCP) : MMA IARD Contrat [&hellip;]\" \/>\n<meta property=\"og:url\" content=\"https:\/\/terralpina.com\/fr\/mentions-legales\/\" \/>\n<meta property=\"og:site_name\" content=\"Terralpina - Guides et Accompagnateurs en Montagne | Alpes - Pyr\u00e9n\u00e9es - \u00c9crins - Chamonix\" \/>\n<meta property=\"article:publisher\" content=\"https:\/\/www.facebook.com\/terralpina.guias\" \/>\n<meta property=\"article:modified_time\" content=\"2024-11-29T19:55:22+00:00\" \/>\n<meta name=\"twitter:card\" content=\"summary_large_image\" \/>\n<script type=\"application\/ld+json\" class=\"yoast-schema-graph\">{\"@context\":\"https:\/\/schema.org\",\"@graph\":[{\"@type\":\"Organization\",\"@id\":\"https:\/\/terralpina.com\/fr\/#organization\",\"name\":\"Terralpina\",\"url\":\"https:\/\/terralpina.com\/fr\/\",\"sameAs\":[\"https:\/\/www.facebook.com\/terralpina.guias\",\"https:\/\/www.instagram.com\/terralpina\/\"],\"logo\":{\"@type\":\"ImageObject\",\"@id\":\"https:\/\/terralpina.com\/fr\/#logo\",\"inLanguage\":\"fr-FR\",\"url\":\"https:\/\/terralpina.com\/wp-content\/uploads\/2019\/06\/Terralpina-10-e1559767482375.png\",\"width\":150,\"height\":192,\"caption\":\"Terralpina\"},\"image\":{\"@id\":\"https:\/\/terralpina.com\/fr\/#logo\"}},{\"@type\":\"WebSite\",\"@id\":\"https:\/\/terralpina.com\/fr\/#website\",\"url\":\"https:\/\/terralpina.com\/fr\/\",\"name\":\"Terralpina - Guides et Accompagnateurs en Montagne | Alpes - Pyr\\u00e9n\\u00e9es - \\u00c9crins - Chamonix\",\"description\":\"Agencia de Gu\\u00edas de Monta\\u00f1a en Alpes\",\"publisher\":{\"@id\":\"https:\/\/terralpina.com\/fr\/#organization\"},\"potentialAction\":[{\"@type\":\"SearchAction\",\"target\":\"https:\/\/terralpina.com\/fr\/?s={search_term_string}\",\"query-input\":\"required name=search_term_string\"}],\"inLanguage\":\"fr-FR\"},{\"@type\":\"WebPage\",\"@id\":\"https:\/\/terralpina.com\/fr\/mentions-legales\/#webpage\",\"url\":\"https:\/\/terralpina.com\/fr\/mentions-legales\/\",\"name\":\"Mentions l\\u00e9gales | Terralpina - Guides et Accompagnateurs en Montagne | Alpes - Pyr\\u00e9n\\u00e9es - \\u00c9crins - Chamonix\",\"isPartOf\":{\"@id\":\"https:\/\/terralpina.com\/fr\/#website\"},\"datePublished\":\"2024-11-29T10:06:12+00:00\",\"dateModified\":\"2024-11-29T19:55:22+00:00\",\"inLanguage\":\"fr-FR\",\"potentialAction\":[{\"@type\":\"ReadAction\",\"target\":[\"https:\/\/terralpina.com\/fr\/mentions-legales\/\"]}]}]}<\/script>\n<!-- \/ Yoast SEO Premium plugin. -->","_links":{"self":[{"href":"https:\/\/terralpina.com\/fr\/wp-json\/wp\/v2\/pages\/14283","targetHints":{"allow":["GET"]}}],"collection":[{"href":"https:\/\/terralpina.com\/fr\/wp-json\/wp\/v2\/pages"}],"about":[{"href":"https:\/\/terralpina.com\/fr\/wp-json\/wp\/v2\/types\/page"}],"author":[{"embeddable":true,"href":"https:\/\/terralpina.com\/fr\/wp-json\/wp\/v2\/users\/1"}],"replies":[{"embeddable":true,"href":"https:\/\/terralpina.com\/fr\/wp-json\/wp\/v2\/comments?post=14283"}],"version-history":[{"count":4,"href":"https:\/\/terralpina.com\/fr\/wp-json\/wp\/v2\/pages\/14283\/revisions"}],"predecessor-version":[{"id":14594,"href":"https:\/\/terralpina.com\/fr\/wp-json\/wp\/v2\/pages\/14283\/revisions\/14594"}],"wp:attachment":[{"href":"https:\/\/terralpina.com\/fr\/wp-json\/wp\/v2\/media?parent=14283"}],"wp:term":[{"taxonomy":"folder","embeddable":true,"href":"https:\/\/terralpina.com\/fr\/wp-json\/wp\/v2\/folder?post=14283"},{"taxonomy":"yst_prominent_words","embeddable":true,"href":"https:\/\/terralpina.com\/fr\/wp-json\/wp\/v2\/yst_prominent_words?post=14283"}],"curies":[{"name":"wp","href":"https:\/\/api.w.org\/{rel}","templated":true}]}}