{"id":11466,"date":"2022-10-17T20:04:32","date_gmt":"2022-10-17T20:04:32","guid":{"rendered":"https:\/\/terralpina.com\/?page_id=11466"},"modified":"2024-11-10T10:00:06","modified_gmt":"2024-11-10T10:00:06","slug":"materiel-rocher-glacier","status":"publish","type":"page","link":"https:\/\/terralpina.com\/fr\/materiel-rocher-glacier\/","title":{"rendered":"Materiel Rocher Glacier"},"content":{"rendered":"\n\n\n<p><strong>Mat\u00e9riel technique<\/strong><\/p>\n<ul>\n<li>Sac \u00e0 dos de 30L<\/li>\n<li>Chaussures semi-rigides<\/li>\n<li>Baudrier<\/li>\n<li>Casque<\/li>\n<li>Chaussons d&rsquo;escalade<\/li>\n<li>Sacs \u00e0 magn\u00e9sie<\/li>\n<li>Piolet classique<\/li>\n<li>Crampons<\/li>\n<li>2 b\u00e2tons pliables<\/li>\n<li>Lampe frontale<\/li>\n<\/ul>\n","protected":false},"excerpt":{"rendered":"<p>Mat\u00e9riel technique Sac \u00e0 dos de 30L Chaussures semi-rigides Baudrier Casque Chaussons d&rsquo;escalade Sacs \u00e0 magn\u00e9sie Piolet classique Crampons 2 b\u00e2tons pliables Lampe frontale<\/p>\n","protected":false},"author":1,"featured_media":0,"parent":0,"menu_order":0,"comment_status":"closed","ping_status":"closed","template":"","meta":{"footnotes":""},"folder":[465],"yst_prominent_words":[],"class_list":["post-11466","page","type-page","status-publish","hentry"],"yoast_head":"<!-- This site is optimized with the Yoast SEO Premium plugin v14.1 - https:\/\/yoast.com\/wordpress\/plugins\/seo\/ -->\n<title>Materiel Rocher Glacier | Terralpina - Guides et Accompagnateurs en Montagne | Alpes - Pyr\u00e9n\u00e9es - \u00c9crins - Chamonix<\/title>\n<meta name=\"robots\" content=\"noindex, follow\" \/>\n<meta property=\"og:locale\" content=\"fr_FR\" \/>\n<meta property=\"og:type\" content=\"article\" \/>\n<meta property=\"og:title\" content=\"Materiel Rocher Glacier | Terralpina - Guides et Accompagnateurs en Montagne | Alpes - Pyr\u00e9n\u00e9es - \u00c9crins - Chamonix\" \/>\n<meta property=\"og:description\" content=\"Mat\u00e9riel technique Sac \u00e0 dos de 30L Chaussures semi-rigides Baudrier Casque Chaussons d&rsquo;escalade Sacs \u00e0 magn\u00e9sie Piolet classique Crampons 2 b\u00e2tons pliables Lampe frontale\" \/>\n<meta property=\"og:url\" content=\"https:\/\/terralpina.com\/fr\/materiel-rocher-glacier\/\" \/>\n<meta property=\"og:site_name\" content=\"Terralpina - Guides et Accompagnateurs en Montagne | Alpes - Pyr\u00e9n\u00e9es - \u00c9crins - Chamonix\" \/>\n<meta property=\"article:publisher\" content=\"https:\/\/www.facebook.com\/terralpina.guias\" \/>\n<meta property=\"article:modified_time\" content=\"2024-11-10T10:00:06+00:00\" \/>\n<meta name=\"twitter:card\" content=\"summary_large_image\" \/>\n<script type=\"application\/ld+json\" class=\"yoast-schema-graph\">{\"@context\":\"https:\/\/schema.org\",\"@graph\":[{\"@type\":\"Organization\",\"@id\":\"https:\/\/terralpina.com\/fr\/#organization\",\"name\":\"Terralpina\",\"url\":\"https:\/\/terralpina.com\/fr\/\",\"sameAs\":[\"https:\/\/www.facebook.com\/terralpina.guias\",\"https:\/\/www.instagram.com\/terralpina\/\"],\"logo\":{\"@type\":\"ImageObject\",\"@id\":\"https:\/\/terralpina.com\/fr\/#logo\",\"inLanguage\":\"fr-FR\",\"url\":\"https:\/\/terralpina.com\/wp-content\/uploads\/2019\/06\/Terralpina-10-e1559767482375.png\",\"width\":150,\"height\":192,\"caption\":\"Terralpina\"},\"image\":{\"@id\":\"https:\/\/terralpina.com\/fr\/#logo\"}},{\"@type\":\"WebSite\",\"@id\":\"https:\/\/terralpina.com\/fr\/#website\",\"url\":\"https:\/\/terralpina.com\/fr\/\",\"name\":\"Terralpina - Guides et Accompagnateurs en Montagne | Alpes - Pyr\\u00e9n\\u00e9es - \\u00c9crins - Chamonix\",\"description\":\"Agencia de Gu\\u00edas de Monta\\u00f1a en Alpes\",\"publisher\":{\"@id\":\"https:\/\/terralpina.com\/fr\/#organization\"},\"potentialAction\":[{\"@type\":\"SearchAction\",\"target\":\"https:\/\/terralpina.com\/fr\/?s={search_term_string}\",\"query-input\":\"required name=search_term_string\"}],\"inLanguage\":\"fr-FR\"},{\"@type\":\"WebPage\",\"@id\":\"https:\/\/terralpina.com\/fr\/materiel-rocher-glacier\/#webpage\",\"url\":\"https:\/\/terralpina.com\/fr\/materiel-rocher-glacier\/\",\"name\":\"Materiel Rocher Glacier | Terralpina - Guides et Accompagnateurs en Montagne | Alpes - Pyr\\u00e9n\\u00e9es - \\u00c9crins - Chamonix\",\"isPartOf\":{\"@id\":\"https:\/\/terralpina.com\/fr\/#website\"},\"datePublished\":\"2022-10-17T20:04:32+00:00\",\"dateModified\":\"2024-11-10T10:00:06+00:00\",\"inLanguage\":\"fr-FR\",\"potentialAction\":[{\"@type\":\"ReadAction\",\"target\":[\"https:\/\/terralpina.com\/fr\/materiel-rocher-glacier\/\"]}]}]}<\/script>\n<!-- \/ Yoast SEO Premium plugin. -->","_links":{"self":[{"href":"https:\/\/terralpina.com\/fr\/wp-json\/wp\/v2\/pages\/11466","targetHints":{"allow":["GET"]}}],"collection":[{"href":"https:\/\/terralpina.com\/fr\/wp-json\/wp\/v2\/pages"}],"about":[{"href":"https:\/\/terralpina.com\/fr\/wp-json\/wp\/v2\/types\/page"}],"author":[{"embeddable":true,"href":"https:\/\/terralpina.com\/fr\/wp-json\/wp\/v2\/users\/1"}],"replies":[{"embeddable":true,"href":"https:\/\/terralpina.com\/fr\/wp-json\/wp\/v2\/comments?post=11466"}],"version-history":[{"count":5,"href":"https:\/\/terralpina.com\/fr\/wp-json\/wp\/v2\/pages\/11466\/revisions"}],"predecessor-version":[{"id":14197,"href":"https:\/\/terralpina.com\/fr\/wp-json\/wp\/v2\/pages\/11466\/revisions\/14197"}],"wp:attachment":[{"href":"https:\/\/terralpina.com\/fr\/wp-json\/wp\/v2\/media?parent=11466"}],"wp:term":[{"taxonomy":"folder","embeddable":true,"href":"https:\/\/terralpina.com\/fr\/wp-json\/wp\/v2\/folder?post=11466"},{"taxonomy":"yst_prominent_words","embeddable":true,"href":"https:\/\/terralpina.com\/fr\/wp-json\/wp\/v2\/yst_prominent_words?post=11466"}],"curies":[{"name":"wp","href":"https:\/\/api.w.org\/{rel}","templated":true}]}}