{"id":13660,"date":"2024-04-08T06:58:50","date_gmt":"2024-04-08T06:58:50","guid":{"rendered":"https:\/\/terralpina.com\/?page_id=13660"},"modified":"2024-04-08T06:58:51","modified_gmt":"2024-04-08T06:58:51","slug":"info-chamonix-en","status":"publish","type":"page","link":"https:\/\/terralpina.com\/en\/info-chamonix-en\/","title":{"rendered":"Info Chamonix"},"content":{"rendered":"\n\n\n<h5>CHAMONIX INFORMATION<\/h5>\n<h5>How to travel to Chamonix<\/h5>\n<ul>\n<li>Avi\u00f3n: La forma m\u00e1s r\u00e1pida y sencilla es volar al aeropuerto de Ginebra-Gen\u00e8ve (Suiza).<\/li>\n<li>Tren: Se puede llegar en tren hasta el mismo Chamonix desde Lyon o Paris.<\/li>\n<li>Coche: La autopista llega hasta el mismo pueblo de Chamonix.<\/li>\n<\/ul>\n<h5>Transporte del aeropuerto de Ginebra-Gen\u00e8ve (Suiza) a Chamonix<\/h5>\n<ul>\n<li>Transfer (taxi compartido) desde el mismo aeropuerto hasta la puerta del alojamiento dentro del Valle de Chamonix (Servoz, Les Houches, Chamonix, Argenti\u00e8re o Le Tour). Hay entre 1 hora y 1h30&#8242; de trayecto.\n<ul>\n<li><a href=\"https:\/\/www.mountaindropoffs.com\/es\" target=\"_blank\" rel=\"noopener\">Mountain Drop Offs<\/a><\/li>\n<li><a href=\"https:\/\/www.alpybus.com\/\" target=\"_blank\" rel=\"noopener\">AlpyBus<\/a><\/li>\n<li><a href=\"https:\/\/www.chamexpress.com\" target=\"_blank\" rel=\"noopener\">ChamExpress<\/a><\/li>\n<\/ul>\n<\/li>\n<li>Autobuses y Minibuses desde el mismo aeropuerto hasta la estaci\u00f3n de autobuses de Chamonix (m\u00e1s econ\u00f3mico que los transfers) <a href=\"https:\/\/goo.gl\/maps\/U2Pt2XdQ4hq8Bq88A\" target=\"_blank\" rel=\"noopener\">Ver Mapa.<\/a>\u00a0Hay entre 1 hora y 1h30&#8242; de trayecto.\n<ul>\n<li><a href=\"https:\/\/www.easybus.com\/\" target=\"_blank\" rel=\"noopener\">EasyBus<\/a><\/li>\n<li><a href=\"https:\/\/www.flixbus.es\" target=\"_blank\" rel=\"noopener\">FlixBus<\/a><\/li>\n<li><a href=\"https:\/\/swisstours-office.ch\/ES\" target=\"_blank\" rel=\"noopener\">Swiss Tours<\/a><\/li>\n<li><a href=\"https:\/\/www.blablacar.es\/bus\" target=\"_blank\" rel=\"noopener\">Blablacar Bus<\/a><\/li>\n<\/ul>\n<\/li>\n<\/ul>\n<h5>Alojamientos en el Valle de Chamonix<\/h5>\n<p>Si lleg\u00e1is a Chamonix en coche pod\u00e9is buscar alojamiento por todo el Valle de Chamonix (Servoz, Les Houches, Chamonix, Argenti\u00e8re, Le Tour, Vallorcine, etc.), ya que os podr\u00e9is desplazar f\u00e1cilmente, aunque yo recomiendo buscarlo en el mismo Chamonix, ya que se puede ir andando a los telef\u00e9ricos de la Aiguille du Midi y Br\u00e9vent, al tren cremallera de Montenvers, etc. <br \/>Si lleg\u00e1is en avi\u00f3n, es muy recomendable buscar alojamiento en el pueblo de Chamonix, ya que aunque haya un transporte de bus gratuito que unen todos los pueblos del valle (Servoz, Les Houches, Chamonix, Argenti\u00e8re, Le Tour, Vallorcine), si madrugamos para hacer algunas actividades puede que no hayan servicios a esas horas.<br \/>Lo m\u00e1s f\u00e1cil y r\u00e1pido es reservar el alojamiento en <a href=\"https:\/\/www.booking.com\/searchresults.es.html?label=gen173nr-1BCBkoggI46AdIM1gEaE2IAQGYAQq4ARfIAQzYAQHoAQGIAgGoAgO4AqqzqZsGwAIB0gIkMzFkNmQ2M2YtYTcxNS00ZjFhLWI1MWItMTNhY2UyYmY4NmE22AIF4AIB&amp;sid=9ead53738cc1f88e6c319846abe22416&amp;sb=1&amp;src=error404&amp;src_elem=sb&amp;error_url=https%3A%2F%2Fwww.booking.com%2Ferror404.es.html%3Flabel%3Dgen173nr-1BCBkoggI46AdIM1gEaE2IAQGYAQq4ARfIAQzYAQHoAQGIAgGoAgO4AqqzqZsGwAIB0gIkMzFkNmQ2M2YtYTcxNS00ZjFhLWI1MWItMTNhY2UyYmY4NmE22AIF4AIB%26sid%3D9ead53738cc1f88e6c319846abe22416%26&amp;ss=Chamonix-Mont-Blanc%2C+R%C3%B3dano-Alpes%2C+Francia&amp;is_ski_area=1&amp;checkin_year=&amp;checkin_month=&amp;checkout_year=&amp;checkout_month=&amp;sb_travel_purpose=leisure&amp;no_rooms=1&amp;group_adults=2&amp;group_children=0&amp;from_sf=1&amp;ss_raw=Chamonix-Mont-Blanc&amp;ac_position=0&amp;ac_langcode=es&amp;ac_click_type=b&amp;ac_meta=GhAxYzRlNWVkNTNlMGQwMDNlIAAoATICZXM6E0NoYW1vbml4LU1vbnQtQmxhbmNAAEoAUAA%3D&amp;dest_id=-1418045&amp;dest_type=city&amp;place_id_lat=45.923534&amp;place_id_lon=6.867615&amp;search_pageview_id=1c4e5ed53e0d003e&amp;search_selected=true&amp;search_pageview_id=1c4e5ed53e0d003e&amp;ac_suggestion_list_length=5&amp;ac_suggestion_theme_list_length=0\" target=\"_blank\" rel=\"nofollow noopener\">https:\/\/www.booking.com\/<\/a> ya que si por lo que sea cambiamos planes en el \u00faltimo momento suele tener cancelaci\u00f3n gratuita.<\/p>\n<ul>\n<li>Hoteles:\n<ul>\n<li><a href=\"https:\/\/www.heliopic-hotel-spa.com\/es\/\" target=\"_blank\" rel=\"nofollow noopener\">Heliopic Hotel &amp; Spa<\/a> ****<\/li>\n<li><a href=\"https:\/\/morgane-hotel-chamonix.com\/en\/\" target=\"_blank\" rel=\"nofollow noopener\">Hotel Morgane<\/a> ****<\/li>\n<li><a href=\"http:\/\/www.hotelcroixblanche-chamonix.fr\/\" target=\"_blank\" rel=\"nofollow noopener\">Hotel Croix Blanche<\/a> **<\/li>\n<li><a href=\"https:\/\/www.hotel-le-chamonix.com\/\" target=\"_blank\" rel=\"nofollow noopener\">Hotel Le Chamonix<\/a> **<\/li>\n<\/ul>\n<\/li>\n<li>G\u00eetes-Hostels (Albergues)<br \/>Las g\u00eetes citadas debajo, se encuentran en Chamonix o a 10 minutos andando. Al ser las opciones m\u00e1s econ\u00f3micas para dormir en la zona, no son las que ofrecen el mejor servicio ni son las que tienen mejores instalaciones. Simplemente las citamos por ser una buena opci\u00f3n econ\u00f3mica.\n<ul>\n<li><a href=\"https:\/\/gite-la-montagne.business.site\/\" target=\"_blank\" rel=\"noopener\">G\u00eete La Montagne<\/a><\/li>\n<li><a href=\"https:\/\/www.chamoniard.com\/\" target=\"_blank\" rel=\"noopener\">G\u00eete Chamoniarde Volant<\/a> (Habitaciones de 4 y 6 personas, en literas, a 10 minutos andando de Chamonix) 48 camas en dormitorios de 4, 6 u 8 y un gran dormitorio de 18. Habitaciones con lavabo, almohadones con funda de almohada y mantas. Cocina colectiva y duchas gratis las 24 horas del d\u00eda. Un gran aparcamiento privado y gratuito. Recepci\u00f3n abierta de 10 a 22 horas. Las llegadas fuera de estos horarios est\u00e1n sujetas a un cargo adicional.<\/li>\n<li><a href=\"https:\/\/www.hostel-skistation-chamonix.com\/\" target=\"_blank\" rel=\"noopener\">Chalet Ski Station<\/a> Habitaciones de 4, 5, 6 y 7 camas. Un poco viejo el interior. Duchas abiertas y mixtas. Situado dentro de Chamonix, a 5 minutos del centro andando. Tiene sobre 45 plazas. Sobre 26\u20ac por noche. 5\u20ac extra por el alquiler de s\u00e1banas durante la estancia (pod\u00e9is usar vuestro saco s\u00e1bana para ahorraros este extra). No ofrecen desayuno. Una opci\u00f3n si todos los dem\u00e1s alojamientos est\u00e1n completos.<\/li>\n<\/ul>\n<\/li>\n<li>Campings\u00a0\n<ul>\n<li><a href=\"https:\/\/www.lesarolles.com\/camping\" target=\"_blank\" rel=\"noopener\">Camping Les Arolles<\/a> (Situado a 5 minutos andando de Chamonix)<\/li>\n<\/ul>\n<ul>\n<li><a href=\"https:\/\/chamonix-camping.com\/\" target=\"_blank\" rel=\"noopener\">Camping de La Mer de Glace<\/a><\/li>\n<\/ul>\n<\/li>\n<\/ul>\n<h5>Transporte en Chamonix<\/h5>\n<ul>\n<li>Bus<\/li>\n<\/ul>\n<h5>P\u00e1ginas meteorol\u00f3gicas espec\u00edficas de Chamonix<\/h5>\n<ul>\n<li>M\u00e9t\u00e9o Chamonix: <a href=\"https:\/\/www.chamonix.com\/meteo\" target=\"_blank\" rel=\"noopener\">https:\/\/www.chamonix.com\/meteo<\/a>\u00a0<\/li>\n<li>Chamonix-M\u00e9t\u00e9o: <a href=\"https:\/\/chamonix-meteo.com\/chamonix-mont-blanc\/weather\" target=\"_blank\" rel=\"noopener\">https:\/\/chamonix-meteo.com\/chamonix-mont-blanc\/weather<\/a><\/li>\n<li>M\u00e9t\u00e9o France: <a href=\"https:\/\/meteofrance.com\/meteo-montagne\/chamonix\/740562\" target=\"_blank\" rel=\"noopener\">https:\/\/meteofrance.com\/meteo-montagne\/chamonix\/740562<\/a><\/li>\n<\/ul>\n","protected":false},"excerpt":{"rendered":"<p>CHAMONIX INFORMATION How to travel to Chamonix Avi\u00f3n: La forma m\u00e1s r\u00e1pida y sencilla es volar al aeropuerto de Ginebra-Gen\u00e8ve (Suiza). Tren: Se puede llegar en tren hasta el mismo Chamonix desde Lyon o Paris. Coche: La autopista llega hasta el mismo pueblo de Chamonix. Transporte del aeropuerto de Ginebra-Gen\u00e8ve (Suiza) a Chamonix Transfer (taxi [&hellip;]<\/p>\n","protected":false},"author":1,"featured_media":0,"parent":0,"menu_order":0,"comment_status":"closed","ping_status":"closed","template":"","meta":{"footnotes":""},"folder":[1582,467],"yst_prominent_words":[988,979],"class_list":["post-13660","page","type-page","status-publish","hentry"],"yoast_head":"<!-- This site is optimized with the Yoast SEO Premium plugin v14.1 - https:\/\/yoast.com\/wordpress\/plugins\/seo\/ -->\n<title>Info Chamonix | Terralpina - Gu\u00edas de Monta\u00f1a | Alpes - Pirineos - Ecrins - Chamonix<\/title>\n<meta name=\"robots\" content=\"index, follow\" \/>\n<meta name=\"googlebot\" content=\"index, follow, max-snippet:-1, max-image-preview:large, max-video-preview:-1\" \/>\n<meta name=\"bingbot\" content=\"index, follow, max-snippet:-1, max-image-preview:large, max-video-preview:-1\" \/>\n<link rel=\"canonical\" href=\"https:\/\/terralpina.com\/en\/info-chamonix-en\/\" \/>\n<meta property=\"og:locale\" content=\"en_US\" \/>\n<meta property=\"og:type\" content=\"article\" \/>\n<meta property=\"og:title\" content=\"Info Chamonix | Terralpina - Gu\u00edas de Monta\u00f1a | Alpes - Pirineos - Ecrins - Chamonix\" \/>\n<meta property=\"og:description\" content=\"CHAMONIX INFORMATION How to travel to Chamonix Avi\u00f3n: La forma m\u00e1s r\u00e1pida y sencilla es volar al aeropuerto de Ginebra-Gen\u00e8ve (Suiza). Tren: Se puede llegar en tren hasta el mismo Chamonix desde Lyon o Paris. Coche: La autopista llega hasta el mismo pueblo de Chamonix. Transporte del aeropuerto de Ginebra-Gen\u00e8ve (Suiza) a Chamonix Transfer (taxi [&hellip;]\" \/>\n<meta property=\"og:url\" content=\"https:\/\/terralpina.com\/en\/info-chamonix-en\/\" \/>\n<meta property=\"og:site_name\" content=\"Terralpina - Gu\u00edas de Monta\u00f1a | Alpes - Pirineos - Ecrins - Chamonix\" \/>\n<meta property=\"article:publisher\" content=\"https:\/\/www.facebook.com\/terralpina.guias\" \/>\n<meta property=\"article:modified_time\" content=\"2024-04-08T06:58:51+00:00\" \/>\n<meta name=\"twitter:card\" content=\"summary_large_image\" \/>\n<script type=\"application\/ld+json\" class=\"yoast-schema-graph\">{\"@context\":\"https:\/\/schema.org\",\"@graph\":[{\"@type\":\"Organization\",\"@id\":\"https:\/\/terralpina.com\/en\/#organization\",\"name\":\"Terralpina\",\"url\":\"https:\/\/terralpina.com\/en\/\",\"sameAs\":[\"https:\/\/www.facebook.com\/terralpina.guias\",\"https:\/\/www.instagram.com\/terralpina\/\"],\"logo\":{\"@type\":\"ImageObject\",\"@id\":\"https:\/\/terralpina.com\/en\/#logo\",\"inLanguage\":\"en-US\",\"url\":\"https:\/\/terralpina.com\/wp-content\/uploads\/2019\/06\/Terralpina-10-e1559767482375.png\",\"width\":150,\"height\":192,\"caption\":\"Terralpina\"},\"image\":{\"@id\":\"https:\/\/terralpina.com\/en\/#logo\"}},{\"@type\":\"WebSite\",\"@id\":\"https:\/\/terralpina.com\/en\/#website\",\"url\":\"https:\/\/terralpina.com\/en\/\",\"name\":\"Terralpina - Gu\\u00edas de Monta\\u00f1a | Alpes - Pirineos - Ecrins - Chamonix\",\"description\":\"Agencia de Gu\\u00edas de Monta\\u00f1a en Alpes\",\"publisher\":{\"@id\":\"https:\/\/terralpina.com\/en\/#organization\"},\"potentialAction\":[{\"@type\":\"SearchAction\",\"target\":\"https:\/\/terralpina.com\/en\/?s={search_term_string}\",\"query-input\":\"required name=search_term_string\"}],\"inLanguage\":\"en-US\"},{\"@type\":\"WebPage\",\"@id\":\"https:\/\/terralpina.com\/en\/info-chamonix-en\/#webpage\",\"url\":\"https:\/\/terralpina.com\/en\/info-chamonix-en\/\",\"name\":\"Info Chamonix | Terralpina - Gu\\u00edas de Monta\\u00f1a | Alpes - Pirineos - Ecrins - Chamonix\",\"isPartOf\":{\"@id\":\"https:\/\/terralpina.com\/en\/#website\"},\"datePublished\":\"2024-04-08T06:58:50+00:00\",\"dateModified\":\"2024-04-08T06:58:51+00:00\",\"inLanguage\":\"en-US\",\"potentialAction\":[{\"@type\":\"ReadAction\",\"target\":[\"https:\/\/terralpina.com\/en\/info-chamonix-en\/\"]}]}]}<\/script>\n<!-- \/ Yoast SEO Premium plugin. -->","_links":{"self":[{"href":"https:\/\/terralpina.com\/en\/wp-json\/wp\/v2\/pages\/13660","targetHints":{"allow":["GET"]}}],"collection":[{"href":"https:\/\/terralpina.com\/en\/wp-json\/wp\/v2\/pages"}],"about":[{"href":"https:\/\/terralpina.com\/en\/wp-json\/wp\/v2\/types\/page"}],"author":[{"embeddable":true,"href":"https:\/\/terralpina.com\/en\/wp-json\/wp\/v2\/users\/1"}],"replies":[{"embeddable":true,"href":"https:\/\/terralpina.com\/en\/wp-json\/wp\/v2\/comments?post=13660"}],"version-history":[{"count":2,"href":"https:\/\/terralpina.com\/en\/wp-json\/wp\/v2\/pages\/13660\/revisions"}],"predecessor-version":[{"id":13676,"href":"https:\/\/terralpina.com\/en\/wp-json\/wp\/v2\/pages\/13660\/revisions\/13676"}],"wp:attachment":[{"href":"https:\/\/terralpina.com\/en\/wp-json\/wp\/v2\/media?parent=13660"}],"wp:term":[{"taxonomy":"folder","embeddable":true,"href":"https:\/\/terralpina.com\/en\/wp-json\/wp\/v2\/folder?post=13660"},{"taxonomy":"yst_prominent_words","embeddable":true,"href":"https:\/\/terralpina.com\/en\/wp-json\/wp\/v2\/yst_prominent_words?post=13660"}],"curies":[{"name":"wp","href":"https:\/\/api.w.org\/{rel}","templated":true}]}}